{"id":6575,"date":"2025-05-22T19:31:52","date_gmt":"2025-05-22T23:31:52","guid":{"rendered":"https:\/\/new.safaricolectivo.cl\/product\/print-gatos-jugando\/"},"modified":"2025-11-29T06:58:40","modified_gmt":"2025-11-29T09:58:40","slug":"print-gatos-jugando","status":"publish","type":"product","link":"https:\/\/safaricolectivo.cl\/en\/product\/print-gatos-jugando\/","title":{"rendered":"Print Gatos jugando"},"content":{"rendered":"","protected":false},"excerpt":{"rendered":"<p data-start=\"225\" data-end=\"567\">\u00a1Deja que el encanto felino invada tu espacio con esta ilustraci\u00f3n \u00fanica de <strong data-start=\"301\" data-end=\"349\">gatos entre juguetes tradicionales japoneses<\/strong>! Una obra original y exclusiva de <strong data-start=\"384\" data-end=\"405\">Safari Collectivo<\/strong>, dise\u00f1ada por la talentosa artista local <strong data-start=\"447\" data-end=\"464\">Tokyo Monster<\/strong>, que captura la calma, curiosidad y dulzura de los gatos en un escenario lleno de nostalgia y cultura.<\/p>\n<p data-start=\"569\" data-end=\"738\">Con elementos ic\u00f3nicos como manekineko, darumas, koinobori y origamis, esta pieza rinde homenaje al Jap\u00f3n cl\u00e1sico y al v\u00ednculo eterno entre los gatos y la contemplaci\u00f3n.<\/p>\n<p data-start=\"740\" data-end=\"916\">Impreso en papel fotogr\u00e1fico <strong data-start=\"769\" data-end=\"795\">Luster de alta calidad<\/strong>, que ofrece una combinaci\u00f3n ideal entre acabado mate y brillo: colores intensos, textura suave y cero reflejos molestos.<\/p>\n<p data-start=\"918\" data-end=\"1065\">Perfecta para decorar tu habitaci\u00f3n, oficina o regalar a amantes del arte, los gatos y la est\u00e9tica japonesa.<br data-start=\"1026\" data-end=\"1029\" \/><strong data-start=\"1029\" data-end=\"1065\">Disponible en distintos tama\u00f1os.<\/strong><\/p>\n<p class=\"\" data-start=\"734\" data-end=\"881\">Perfecta para decorar tu habitaci\u00f3n, oficina o regalar a quienes aman los animales, el arte y la cultura japonesa. Disponible en distintos tama\u00f1os.<\/p>","protected":false},"featured_media":6551,"comment_status":"open","ping_status":"open","template":"","meta":{"_acf_changed":false,"_kad_blocks_custom_css":"","_kad_blocks_head_custom_js":"","_kad_blocks_body_custom_js":"","_kad_blocks_footer_custom_js":"","_kad_post_transparent":"","_kad_post_title":"","_kad_post_layout":"","_kad_post_sidebar_id":"","_kad_post_content_style":"","_kad_post_vertical_padding":"","_kad_post_feature":"","_kad_post_feature_position":"","_kad_post_header":false,"_kad_post_footer":false,"_kad_post_classname":""},"product_brand":[],"product_cat":[48],"product_tag":[95,96,131,132,126,133],"class_list":{"0":"post-6575","1":"product","2":"type-product","3":"status-publish","4":"has-post-thumbnail","6":"product_cat-ilustraciones","7":"product_tag-gato","8":"product_tag-gatos","9":"product_tag-juego","10":"product_tag-jugando","11":"product_tag-jugetes","12":"product_tag-print","13":"pa_tamano-postal-13x18-cms-aprox","14":"pa_tamano-print-a3-29x42-cms-aprox","15":"pa_tamano-print-a4-21x29-cms","17":"first","18":"instock","19":"shipping-taxable","20":"purchasable","21":"product-type-variable","22":"entry","23":"content-bg","24":"loop-entry"},"acf":[],"taxonomy_info":{"product_cat":[{"value":48,"label":"ILUSTRACIONES"}],"product_tag":[{"value":95,"label":"gato"},{"value":96,"label":"gatos"},{"value":131,"label":"juego"},{"value":132,"label":"jugando"},{"value":126,"label":"jugetes"},{"value":133,"label":"print"}],"pa_tamano":[{"value":47,"label":"Postal 13x18 cms Aprox."},{"value":76,"label":"Print A3 29x42 cms aprox."},{"value":53,"label":"Print A4 21x29 cms"}]},"featured_image_src_large":["https:\/\/safaricolectivo.cl\/wp-content\/uploads\/2025\/10\/Web.png",900,900,false],"author_info":[],"comment_info":0,"_links":{"self":[{"href":"https:\/\/safaricolectivo.cl\/en\/wp-json\/wp\/v2\/product\/6575","targetHints":{"allow":["GET"]}}],"collection":[{"href":"https:\/\/safaricolectivo.cl\/en\/wp-json\/wp\/v2\/product"}],"about":[{"href":"https:\/\/safaricolectivo.cl\/en\/wp-json\/wp\/v2\/types\/product"}],"replies":[{"embeddable":true,"href":"https:\/\/safaricolectivo.cl\/en\/wp-json\/wp\/v2\/comments?post=6575"}],"wp:featuredmedia":[{"embeddable":true,"href":"https:\/\/safaricolectivo.cl\/en\/wp-json\/wp\/v2\/media\/6551"}],"wp:attachment":[{"href":"https:\/\/safaricolectivo.cl\/en\/wp-json\/wp\/v2\/media?parent=6575"}],"wp:term":[{"taxonomy":"product_brand","embeddable":true,"href":"https:\/\/safaricolectivo.cl\/en\/wp-json\/wp\/v2\/product_brand?post=6575"},{"taxonomy":"product_cat","embeddable":true,"href":"https:\/\/safaricolectivo.cl\/en\/wp-json\/wp\/v2\/product_cat?post=6575"},{"taxonomy":"product_tag","embeddable":true,"href":"https:\/\/safaricolectivo.cl\/en\/wp-json\/wp\/v2\/product_tag?post=6575"}],"curies":[{"name":"wp","href":"https:\/\/api.w.org\/{rel}","templated":true}]}}