{"id":6506,"date":"2025-03-30T13:07:45","date_gmt":"2025-03-30T16:07:45","guid":{"rendered":"https:\/\/new.safaricolectivo.cl\/product\/totebag-gatos-jugando\/"},"modified":"2025-10-30T17:46:39","modified_gmt":"2025-10-30T20:46:39","slug":"totebag-gatos-jugando","status":"publish","type":"product","link":"https:\/\/safaricolectivo.cl\/en\/product\/totebag-gatos-jugando\/","title":{"rendered":"Totebag gatos jugando"},"content":{"rendered":"<p>Totebag Gatos jugando, dise\u00f1ado exclusivamente por Tokyo monster para safari colectivo.<br \/>\ntotebag color natural tama\u00f1o 42&#215;38 cms<br \/>\nde algod\u00f3n de 6 onzas (170gr\/m2). 100% biodegradable. Asa de cinta de algod\u00f3n negro de 65 cm de largo y 2.5 cm de ancho.<\/p>\n<p>*al lavarse puede reducir un poco su tama\u00f1o<\/p>","protected":false},"excerpt":{"rendered":"<p>Totebag Gatos jugando, dise\u00f1ado exclusivamente por Tokyo monster para safari colectivo. totebag color natural tama\u00f1o 42&#215;38 cms de algod\u00f3n de 6 onzas (170gr\/m2). 100% biodegradable. Asa de cinta de algod\u00f3n negro de 65 cm de largo y 2.5 cm de ancho. *al lavarse puede reducir un poco su tama\u00f1o<\/p>","protected":false},"featured_media":6491,"comment_status":"open","ping_status":"open","template":"","meta":{"_acf_changed":false,"_kad_blocks_custom_css":"","_kad_blocks_head_custom_js":"","_kad_blocks_body_custom_js":"","_kad_blocks_footer_custom_js":"","_kad_post_transparent":"","_kad_post_title":"","_kad_post_layout":"","_kad_post_sidebar_id":"","_kad_post_content_style":"","_kad_post_vertical_padding":"","_kad_post_feature":"","_kad_post_feature_position":"","_kad_post_header":false,"_kad_post_footer":false,"_kad_post_classname":""},"product_brand":[],"product_cat":[60,88],"product_tag":[],"class_list":{"0":"post-6506","1":"product","2":"type-product","3":"status-publish","4":"has-post-thumbnail","6":"product_cat-safari","7":"product_cat-tote-bag","9":"first","10":"instock","11":"shipping-taxable","12":"purchasable","13":"product-type-simple","14":"entry","15":"content-bg","16":"loop-entry"},"acf":[],"taxonomy_info":{"product_cat":[{"value":60,"label":"SAFARI"},{"value":88,"label":"TOTE BAG"}]},"featured_image_src_large":["https:\/\/safaricolectivo.cl\/wp-content\/uploads\/2025\/10\/totebag_catstokyo.png",900,900,false],"author_info":[],"comment_info":0,"_links":{"self":[{"href":"https:\/\/safaricolectivo.cl\/en\/wp-json\/wp\/v2\/product\/6506","targetHints":{"allow":["GET"]}}],"collection":[{"href":"https:\/\/safaricolectivo.cl\/en\/wp-json\/wp\/v2\/product"}],"about":[{"href":"https:\/\/safaricolectivo.cl\/en\/wp-json\/wp\/v2\/types\/product"}],"replies":[{"embeddable":true,"href":"https:\/\/safaricolectivo.cl\/en\/wp-json\/wp\/v2\/comments?post=6506"}],"wp:featuredmedia":[{"embeddable":true,"href":"https:\/\/safaricolectivo.cl\/en\/wp-json\/wp\/v2\/media\/6491"}],"wp:attachment":[{"href":"https:\/\/safaricolectivo.cl\/en\/wp-json\/wp\/v2\/media?parent=6506"}],"wp:term":[{"taxonomy":"product_brand","embeddable":true,"href":"https:\/\/safaricolectivo.cl\/en\/wp-json\/wp\/v2\/product_brand?post=6506"},{"taxonomy":"product_cat","embeddable":true,"href":"https:\/\/safaricolectivo.cl\/en\/wp-json\/wp\/v2\/product_cat?post=6506"},{"taxonomy":"product_tag","embeddable":true,"href":"https:\/\/safaricolectivo.cl\/en\/wp-json\/wp\/v2\/product_tag?post=6506"}],"curies":[{"name":"wp","href":"https:\/\/api.w.org\/{rel}","templated":true}]}}