{"id":6476,"date":"2025-03-23T10:25:22","date_gmt":"2025-03-23T13:25:22","guid":{"rendered":"https:\/\/new.safaricolectivo.cl\/product\/alegria-y-sofia-12-el-final\/"},"modified":"2026-01-13T11:49:32","modified_gmt":"2026-01-13T14:49:32","slug":"alegria-y-sofia-12-el-final","status":"publish","type":"product","link":"https:\/\/safaricolectivo.cl\/en\/product\/alegria-y-sofia-12-el-final\/","title":{"rendered":"Alegr\u00eda y Sofia 12: El final"},"content":{"rendered":"","protected":false},"excerpt":{"rendered":"<p class=\"\" data-start=\"0\" data-end=\"38\"> \u2728 <strong data-start=\"4\" data-end=\"34\">\u00a1El gran final ha llegado!<\/strong> \u2728 <\/p>\n<p class=\"\" data-start=\"40\" data-end=\"126\"><span class=\"relative -mx-px my-[-0.2rem] rounded px-px py-[0.2rem]\">La querida y exitosa serie <strong data-start=\"27\" data-end=\"46\">Alegr\u00eda y Sof\u00eda<\/strong>, creada por la talentosa autora e ilustradora chilena <strong data-start=\"101\" data-end=\"119\">Daniela Thiers<\/strong>, llega a su emocionante desenlace con este <strong data-start=\"163\" data-end=\"178\">\u00faltimo tomo<\/strong> de la mano de <strong data-start=\"193\" data-end=\"215\">Editorial Visuales<\/strong>.<\/span>  \u200b<\/p>\n<p class=\"\" data-start=\"128\" data-end=\"285\"><span class=\"relative -mx-px my-[-0.2rem] rounded px-px py-[0.2rem]\">Desde su debut en 2012, la saga ha cautivado a miles de lectores, narrando las aventuras de dos entra\u00f1ables amigas que han crecido y evolucionado a lo largo de la historia.<\/span><\/p>\n<p class=\"\" data-start=\"408\" data-end=\"619\">Para celebrar este cierre tan especial, <strong data-start=\"448\" data-end=\"472\">queremos agradecerte<\/strong> por acompa\u00f1arnos en esta incre\u00edble aventura.   \u00a1Por eso, con tu compra en <strong data-start=\"550\" data-end=\"562\">preventa<\/strong>, recibir\u00e1s de regalo <strong data-start=\"584\" data-end=\"613\">una ilustraci\u00f3n exclusiva<\/strong>!  <\/p>\n<p class=\"\" data-start=\"621\" data-end=\"812\">  <strong data-start=\"624\" data-end=\"652\">No te quedes sin el tuyo<\/strong> y sum\u00e9rgete en la \u00faltima entrega de <strong data-start=\"689\" data-end=\"708\">Alegr\u00eda y Sof\u00eda<\/strong>. Vive cada p\u00e1gina, r\u00ede, emoci\u00f3nate y desp\u00eddete de estos entra\u00f1ables personajes de la mejor manera.  <\/p>\n<p class=\"\" data-start=\"814\" data-end=\"839\">  <strong data-start=\"817\" data-end=\"839\">Puntos de entrega:<\/strong><\/p>\n<ul data-start=\"841\" data-end=\"976\">\n<li class=\"\" data-start=\"841\" data-end=\"900\">\n<p class=\"\" data-start=\"843\" data-end=\"900\"><strong data-start=\"843\" data-end=\"864\">Retiro presencial<\/strong> en <i>Av. Francisco Bilbao 2970<\/i><\/p>\n<\/li>\n<li class=\"\" data-start=\"902\" data-end=\"976\">\n<p class=\"\" data-start=\"904\" data-end=\"976\"><strong data-start=\"904\" data-end=\"927\">Env\u00edos a todo Chile<\/strong> a trav\u00e9s de <em data-start=\"940\" data-end=\"968\">Correos de Chile y Starken<\/em>.  <\/p>\n<\/li>\n<\/ul>\n<p class=\"\" data-start=\"978\" data-end=\"1069\">  \u00a1Apres\u00farate! No te quedes sin tu ejemplar y s\u00e9 parte de este <strong data-start=\"1042\" data-end=\"1063\">momento hist\u00f3rico<\/strong>.  <\/p>\n","protected":false},"featured_media":6477,"comment_status":"open","ping_status":"closed","template":"","meta":{"_acf_changed":false,"_kad_blocks_custom_css":"","_kad_blocks_head_custom_js":"","_kad_blocks_body_custom_js":"","_kad_blocks_footer_custom_js":"","_kad_post_transparent":"","_kad_post_title":"","_kad_post_layout":"","_kad_post_sidebar_id":"","_kad_post_content_style":"","_kad_post_vertical_padding":"","_kad_post_feature":"","_kad_post_feature_position":"","_kad_post_header":false,"_kad_post_footer":false,"_kad_post_classname":""},"product_brand":[],"product_cat":[44],"product_tag":[],"class_list":{"0":"post-6476","1":"product","2":"type-product","3":"status-publish","4":"has-post-thumbnail","6":"product_cat-libros","8":"first","9":"outofstock","10":"shipping-taxable","11":"purchasable","12":"product-type-simple","13":"entry","14":"content-bg","15":"loop-entry"},"acf":[],"taxonomy_info":{"product_cat":[{"value":44,"label":"LIBROS"}]},"featured_image_src_large":["https:\/\/safaricolectivo.cl\/wp-content\/uploads\/2025\/10\/AYS-12-1024x1024.png",1024,1024,true],"author_info":[],"comment_info":0,"_links":{"self":[{"href":"https:\/\/safaricolectivo.cl\/en\/wp-json\/wp\/v2\/product\/6476","targetHints":{"allow":["GET"]}}],"collection":[{"href":"https:\/\/safaricolectivo.cl\/en\/wp-json\/wp\/v2\/product"}],"about":[{"href":"https:\/\/safaricolectivo.cl\/en\/wp-json\/wp\/v2\/types\/product"}],"replies":[{"embeddable":true,"href":"https:\/\/safaricolectivo.cl\/en\/wp-json\/wp\/v2\/comments?post=6476"}],"wp:featuredmedia":[{"embeddable":true,"href":"https:\/\/safaricolectivo.cl\/en\/wp-json\/wp\/v2\/media\/6477"}],"wp:attachment":[{"href":"https:\/\/safaricolectivo.cl\/en\/wp-json\/wp\/v2\/media?parent=6476"}],"wp:term":[{"taxonomy":"product_brand","embeddable":true,"href":"https:\/\/safaricolectivo.cl\/en\/wp-json\/wp\/v2\/product_brand?post=6476"},{"taxonomy":"product_cat","embeddable":true,"href":"https:\/\/safaricolectivo.cl\/en\/wp-json\/wp\/v2\/product_cat?post=6476"},{"taxonomy":"product_tag","embeddable":true,"href":"https:\/\/safaricolectivo.cl\/en\/wp-json\/wp\/v2\/product_tag?post=6476"}],"curies":[{"name":"wp","href":"https:\/\/api.w.org\/{rel}","templated":true}]}}