{"id":6474,"date":"2024-11-14T12:00:44","date_gmt":"2024-11-14T15:00:44","guid":{"rendered":"https:\/\/new.safaricolectivo.cl\/product\/mientras-yubooh-duerme-5-preventa-regalos\/"},"modified":"2025-11-25T15:26:40","modified_gmt":"2025-11-25T18:26:40","slug":"mientras-yubooh-duerme-5-preventa-regalos","status":"publish","type":"product","link":"https:\/\/safaricolectivo.cl\/en\/product\/mientras-yubooh-duerme-5-preventa-regalos\/","title":{"rendered":"MIENTRAS YUBOOH DUERME 5"},"content":{"rendered":"<div class=\"segell-nom\">Editorial: <a href=\"https:\/\/www.planetadelibros.cl\/editorial\/planeta-comic\/485\" rel=\"nofollow noopener\" target=\"_blank\">Planeta C\u00f3mic<\/a><\/div>\n<div class=\"tematiques\">\n<div class=\"tematica\">Tem\u00e1tica: <a href=\"https:\/\/www.planetadelibros.cl\/libros\/comics\/00021\" rel=\"nofollow noopener\" target=\"_blank\">C\u00f3mic y manga<\/a><\/div>\n<\/div>\n<div id=\"num_pagines\">\n<p>N\u00famero de p\u00e1ginas: 164<\/p>\n<p>&nbsp;<\/p>\n<\/div>","protected":false},"excerpt":{"rendered":"<div class=\"frase-mkt\">\n<p><strong>La saga que ha cautivado a miles de lectores vuelve con su quinta parte \u00a1No te quedes fuera de la magia! <\/strong><\/p>\n<\/div>\n<p>Yubooh y Esteban se han perdido en la oscuridad e ilusi\u00f3n de una sombra de nivel 4, y la directora Carol, junto a todos los brujos de luna llena, siguen debilitados debido a la fase lunar actual. Aunque algo m\u00e1s ha sucedido y ahora nadie podr\u00e1 salir de la academia. Todos est\u00e1n atrapados hasta que Yubooh<br \/>\ny Esteban despierten.<\/p>\n<p>Vuelve la serie que ha encantado a miles de lectores; una historia que sigue develando nuevos detalles de sus personajes. En esta quinta entrega conoceremos un poco m\u00e1s de Tahiel Rouss, el misterioso chico de cabello largo que al parecer sale cada noche en busca de algo\u2026 \u00bfQu\u00e9 es y por qu\u00e9 ese sentimiento de soledad?<\/p>\n<p>Avanzan los d\u00edas y Yubooh sigue conociendo m\u00e1s sobre la Academia Saturno, un misterioso lugar que de d\u00eda cautiva por su belleza, pero de noche nos plantea la pregunta: \u00bfQu\u00e9 pasa si nada de esto es lo que estaba buscando?<\/p>","protected":false},"featured_media":6475,"comment_status":"open","ping_status":"closed","template":"","meta":{"_acf_changed":false,"_kad_blocks_custom_css":"","_kad_blocks_head_custom_js":"","_kad_blocks_body_custom_js":"","_kad_blocks_footer_custom_js":"","_kad_post_transparent":"","_kad_post_title":"","_kad_post_layout":"","_kad_post_sidebar_id":"","_kad_post_content_style":"","_kad_post_vertical_padding":"","_kad_post_feature":"","_kad_post_feature_position":"","_kad_post_header":false,"_kad_post_footer":false,"_kad_post_classname":""},"product_brand":[],"product_cat":[44,45],"product_tag":[],"class_list":{"0":"post-6474","1":"product","2":"type-product","3":"status-publish","4":"has-post-thumbnail","6":"product_cat-libros","7":"product_cat-paulinaapc","9":"first","10":"instock","11":"sale","12":"shipping-taxable","13":"purchasable","14":"product-type-simple","15":"entry","16":"content-bg","17":"loop-entry"},"acf":[],"taxonomy_info":{"product_cat":[{"value":44,"label":"LIBROS"},{"value":45,"label":"PAULINAAPC"}]},"featured_image_src_large":["https:\/\/safaricolectivo.cl\/wp-content\/uploads\/2025\/10\/yubooh5-1024x1024.png",1024,1024,true],"author_info":[],"comment_info":0,"_links":{"self":[{"href":"https:\/\/safaricolectivo.cl\/en\/wp-json\/wp\/v2\/product\/6474","targetHints":{"allow":["GET"]}}],"collection":[{"href":"https:\/\/safaricolectivo.cl\/en\/wp-json\/wp\/v2\/product"}],"about":[{"href":"https:\/\/safaricolectivo.cl\/en\/wp-json\/wp\/v2\/types\/product"}],"replies":[{"embeddable":true,"href":"https:\/\/safaricolectivo.cl\/en\/wp-json\/wp\/v2\/comments?post=6474"}],"wp:featuredmedia":[{"embeddable":true,"href":"https:\/\/safaricolectivo.cl\/en\/wp-json\/wp\/v2\/media\/6475"}],"wp:attachment":[{"href":"https:\/\/safaricolectivo.cl\/en\/wp-json\/wp\/v2\/media?parent=6474"}],"wp:term":[{"taxonomy":"product_brand","embeddable":true,"href":"https:\/\/safaricolectivo.cl\/en\/wp-json\/wp\/v2\/product_brand?post=6474"},{"taxonomy":"product_cat","embeddable":true,"href":"https:\/\/safaricolectivo.cl\/en\/wp-json\/wp\/v2\/product_cat?post=6474"},{"taxonomy":"product_tag","embeddable":true,"href":"https:\/\/safaricolectivo.cl\/en\/wp-json\/wp\/v2\/product_tag?post=6474"}],"curies":[{"name":"wp","href":"https:\/\/api.w.org\/{rel}","templated":true}]}}