{"id":6446,"date":"2024-10-15T15:14:26","date_gmt":"2024-10-15T18:14:26","guid":{"rendered":"https:\/\/new.safaricolectivo.cl\/product\/novilunio-mientras-yubooh-duerme-libro-de-arte\/"},"modified":"2025-11-25T15:26:59","modified_gmt":"2025-11-25T18:26:59","slug":"novilunio-mientras-yubooh-duerme-libro-de-arte","status":"publish","type":"product","link":"https:\/\/safaricolectivo.cl\/en\/product\/novilunio-mientras-yubooh-duerme-libro-de-arte\/","title":{"rendered":"Novilunio Mientras * Yubooh duerme [Libro de arte]"},"content":{"rendered":"","protected":false},"excerpt":{"rendered":"<pre>Idioma:\u00a0Espa\u00f1ol Chile\nEditorial:\u00a0Planeta\nFormato: Tapa blanda, 18.5cm x 26cm\nG\u00e9nero:\u00a0Manga Nacional - Libro de Arte - Comedia - Fantas\u00eda\nAutor:\u00a0Paulina Palacios (Paulinaapc)\nEdad de lectura:\u00a010 a\u00f1os y m\u00e1s<\/pre>\n<hr \/>\n<p>Descubre el coraz\u00f3n detr\u00e1s de Mientras Yubooh duerme: un viaje visual que despierta tu imaginaci\u00f3n.<\/p>\n<p>\u00a1Estudiantes de la Academia Saturno!<\/p>\n<p>\u00a1La alarma del C\u00f3digo Pez se ha cancelado!<\/p>\n<p>De ahora en adelante podr\u00e1n recorrer libremente los pasillos de la Academia y conocer cada uno de sus rincones sin restricciones&#8230; \u00a1Cuidado con las sombras! \u00a1Y recuerden ser amigables con sus nuevos compa\u00f1eros! Algunos apenas saben que este es un mundo lleno de hechizos, sellos y posibilidades. Sin embargo, mant\u00e9nganse alertas&#8230; Estamos cerca de la luna nueva, el momento en que los secretos son revelados.<\/p>\n<p><em>Novilunio\u00a0<\/em>es el primer artbook de Paulina Palacios, y en esta ocasi\u00f3n encontrar\u00e1n una historia distinta, pues en sus p\u00e1ginas est\u00e1n los bocetos, las ideas y los conceptos que dan forma a la serie de manga de Mientras Yubooh duerme, una obra que en sus detalles, colores y dise\u00f1os ha encantado a miles en el mundo. Conozcan aqu\u00ed c\u00f3mo se construy\u00f3 su trama y nacieron sus personajes, as\u00ed como sus ilustraciones exclusivas de esta magn\u00e9tica historia..<\/p>","protected":false},"featured_media":6447,"comment_status":"open","ping_status":"closed","template":"","meta":{"_acf_changed":false,"_kad_blocks_custom_css":"","_kad_blocks_head_custom_js":"","_kad_blocks_body_custom_js":"","_kad_blocks_footer_custom_js":"","_kad_post_transparent":"","_kad_post_title":"","_kad_post_layout":"","_kad_post_sidebar_id":"","_kad_post_content_style":"","_kad_post_vertical_padding":"","_kad_post_feature":"","_kad_post_feature_position":"","_kad_post_header":false,"_kad_post_footer":false,"_kad_post_classname":""},"product_brand":[],"product_cat":[44,45],"product_tag":[],"class_list":{"0":"post-6446","1":"product","2":"type-product","3":"status-publish","4":"has-post-thumbnail","6":"product_cat-libros","7":"product_cat-paulinaapc","9":"first","10":"outofstock","11":"shipping-taxable","12":"purchasable","13":"product-type-simple","14":"entry","15":"content-bg","16":"loop-entry"},"acf":[],"taxonomy_info":{"product_cat":[{"value":44,"label":"LIBROS"},{"value":45,"label":"PAULINAAPC"}]},"featured_image_src_large":["https:\/\/safaricolectivo.cl\/wp-content\/uploads\/2025\/10\/IMG_8750-scaled-1-1024x683.png",1024,683,true],"author_info":[],"comment_info":0,"_links":{"self":[{"href":"https:\/\/safaricolectivo.cl\/en\/wp-json\/wp\/v2\/product\/6446","targetHints":{"allow":["GET"]}}],"collection":[{"href":"https:\/\/safaricolectivo.cl\/en\/wp-json\/wp\/v2\/product"}],"about":[{"href":"https:\/\/safaricolectivo.cl\/en\/wp-json\/wp\/v2\/types\/product"}],"replies":[{"embeddable":true,"href":"https:\/\/safaricolectivo.cl\/en\/wp-json\/wp\/v2\/comments?post=6446"}],"wp:featuredmedia":[{"embeddable":true,"href":"https:\/\/safaricolectivo.cl\/en\/wp-json\/wp\/v2\/media\/6447"}],"wp:attachment":[{"href":"https:\/\/safaricolectivo.cl\/en\/wp-json\/wp\/v2\/media?parent=6446"}],"wp:term":[{"taxonomy":"product_brand","embeddable":true,"href":"https:\/\/safaricolectivo.cl\/en\/wp-json\/wp\/v2\/product_brand?post=6446"},{"taxonomy":"product_cat","embeddable":true,"href":"https:\/\/safaricolectivo.cl\/en\/wp-json\/wp\/v2\/product_cat?post=6446"},{"taxonomy":"product_tag","embeddable":true,"href":"https:\/\/safaricolectivo.cl\/en\/wp-json\/wp\/v2\/product_tag?post=6446"}],"curies":[{"name":"wp","href":"https:\/\/api.w.org\/{rel}","templated":true}]}}