{"id":6407,"date":"2024-09-25T17:15:18","date_gmt":"2024-09-25T20:15:18","guid":{"rendered":"https:\/\/new.safaricolectivo.cl\/product\/frida-eterna\/"},"modified":"2025-10-30T16:09:54","modified_gmt":"2025-10-30T19:09:54","slug":"frida-eterna","status":"publish","type":"product","link":"https:\/\/safaricolectivo.cl\/en\/product\/frida-eterna\/","title":{"rendered":"Libro: Frida Eterna"},"content":{"rendered":"<div class=\"segell-nom\">Editorial: <a href=\"https:\/\/www.planetadelibros.cl\/editorial\/planeta-comic\/485\" rel=\"nofollow noopener\" target=\"_blank\">Planeta C\u00f3mic<\/a><\/div>\n<div class=\"tematiques\">\n<div class=\"tematica\">Tem\u00e1tica: <a href=\"https:\/\/www.planetadelibros.cl\/libros\/comics\/00021\" rel=\"nofollow noopener\" target=\"_blank\">C\u00f3mic y manga<\/a><\/div>\n<\/div>\n<div id=\"num_pagines\">N\u00famero de p\u00e1ginas: 144<br \/>\nAutora: DANIELA THIERS<\/div>","protected":false},"excerpt":{"rendered":"<div class=\"frase-mkt\">\n<p><strong>Un c\u00f3mic vamp\u00edrico donde la magia y el misterio se entrelazan en cada p\u00e1gina. La nueva aventura de Daniela Thiers te espera.<\/strong><\/p>\n<\/div>\n<p>Frida es una vampiresa aburrida de vivir eternamente. Solo desea recuperar su alma para darle un sentido a su vida. Tras un trato con Lucifer en el infierno, ella, la \u201celegida\u201d, deber\u00e1 embarcarse en una misi\u00f3n para apresar a tres demonios fugitivos del averno que est\u00e1n atormentando a la sociedad mediante brutales cr\u00edmenes. En el trayecto se encontrar\u00e1 con diferentes personajes, incluyendo a Killian, un detective de fama mundial pero que oculta m\u00e1s de un secreto. Juntos podr\u00edan ser un gran equipo \u00bfo no?<\/p>","protected":false},"featured_media":6408,"comment_status":"open","ping_status":"open","template":"","meta":{"_acf_changed":false,"_kad_blocks_custom_css":"","_kad_blocks_head_custom_js":"","_kad_blocks_body_custom_js":"","_kad_blocks_footer_custom_js":"","_kad_post_transparent":"","_kad_post_title":"","_kad_post_layout":"","_kad_post_sidebar_id":"","_kad_post_content_style":"","_kad_post_vertical_padding":"","_kad_post_feature":"","_kad_post_feature_position":"","_kad_post_header":false,"_kad_post_footer":false,"_kad_post_classname":""},"product_brand":[],"product_cat":[44],"product_tag":[],"class_list":{"0":"post-6407","1":"product","2":"type-product","3":"status-publish","4":"has-post-thumbnail","6":"product_cat-libros","8":"first","9":"outofstock","10":"shipping-taxable","11":"purchasable","12":"product-type-simple","13":"entry","14":"content-bg","15":"loop-entry"},"acf":[],"taxonomy_info":{"product_cat":[{"value":44,"label":"LIBROS"}]},"featured_image_src_large":["https:\/\/safaricolectivo.cl\/wp-content\/uploads\/2025\/10\/9789566185895.png-727x1024.webp",727,1024,true],"author_info":[],"comment_info":0,"_links":{"self":[{"href":"https:\/\/safaricolectivo.cl\/en\/wp-json\/wp\/v2\/product\/6407","targetHints":{"allow":["GET"]}}],"collection":[{"href":"https:\/\/safaricolectivo.cl\/en\/wp-json\/wp\/v2\/product"}],"about":[{"href":"https:\/\/safaricolectivo.cl\/en\/wp-json\/wp\/v2\/types\/product"}],"replies":[{"embeddable":true,"href":"https:\/\/safaricolectivo.cl\/en\/wp-json\/wp\/v2\/comments?post=6407"}],"wp:featuredmedia":[{"embeddable":true,"href":"https:\/\/safaricolectivo.cl\/en\/wp-json\/wp\/v2\/media\/6408"}],"wp:attachment":[{"href":"https:\/\/safaricolectivo.cl\/en\/wp-json\/wp\/v2\/media?parent=6407"}],"wp:term":[{"taxonomy":"product_brand","embeddable":true,"href":"https:\/\/safaricolectivo.cl\/en\/wp-json\/wp\/v2\/product_brand?post=6407"},{"taxonomy":"product_cat","embeddable":true,"href":"https:\/\/safaricolectivo.cl\/en\/wp-json\/wp\/v2\/product_cat?post=6407"},{"taxonomy":"product_tag","embeddable":true,"href":"https:\/\/safaricolectivo.cl\/en\/wp-json\/wp\/v2\/product_tag?post=6407"}],"curies":[{"name":"wp","href":"https:\/\/api.w.org\/{rel}","templated":true}]}}