{"id":5845,"date":"2023-07-28T20:22:15","date_gmt":"2023-07-29T00:22:15","guid":{"rendered":"https:\/\/new.safaricolectivo.cl\/product\/alegria-y-sofia-kaos-3\/"},"modified":"2025-10-30T15:24:46","modified_gmt":"2025-10-30T18:24:46","slug":"alegria-y-sofia-kaos-3","status":"publish","type":"product","link":"https:\/\/safaricolectivo.cl\/en\/product\/alegria-y-sofia-kaos-3\/","title":{"rendered":"Alegr\u00eda y Sof\u00eda- KAOS 3"},"content":{"rendered":"","protected":false},"excerpt":{"rendered":"<p>\u00ab\u00a1Por fin nos reencontramos! Pero&#8230; \u00bfqui\u00e9n eres t\u00fa?\u201d. Mientras Alegr\u00eda quiere buscar sus propias respuestas para saber realmente qu\u00e9 pas\u00f3, debe enfrentar tambi\u00e9n su futuro vocacional&#8230; \u00a1\u00bfqu\u00e9 estudiar?! \u00a1Qu\u00e9 dif\u00edcil decisi\u00f3n! En tanto, Sof\u00eda recibir\u00e1 una visita que pondr\u00e1 todas las piezas en su lugar y reunir\u00e1 a las amigas ante el umbral de donde todo quedar\u00e1 definido. En este nuevo episodio de Alegr\u00eda y Sof\u00eda Kaos 3, acompa\u00f1a a las protagonistas a enfrentar sus miedos y conocer nuevas amistades, que las ayudar\u00e1n a retomar sus caminos.<\/p>","protected":false},"featured_media":5846,"comment_status":"open","ping_status":"open","template":"","meta":{"_acf_changed":false,"_kad_blocks_custom_css":"","_kad_blocks_head_custom_js":"","_kad_blocks_body_custom_js":"","_kad_blocks_footer_custom_js":"","_kad_post_transparent":"","_kad_post_title":"","_kad_post_layout":"","_kad_post_sidebar_id":"","_kad_post_content_style":"","_kad_post_vertical_padding":"","_kad_post_feature":"","_kad_post_feature_position":"","_kad_post_header":false,"_kad_post_footer":false,"_kad_post_classname":""},"product_brand":[],"product_cat":[44],"product_tag":[],"class_list":{"0":"post-5845","1":"product","2":"type-product","3":"status-publish","4":"has-post-thumbnail","6":"product_cat-libros","8":"first","9":"outofstock","10":"shipping-taxable","11":"purchasable","12":"product-type-simple","13":"entry","14":"content-bg","15":"loop-entry"},"acf":[],"taxonomy_info":{"product_cat":[{"value":44,"label":"LIBROS"}]},"featured_image_src_large":["https:\/\/safaricolectivo.cl\/wp-content\/uploads\/2025\/10\/alegria-y-sofia-kaos-3.jpg",800,800,false],"author_info":[],"comment_info":0,"_links":{"self":[{"href":"https:\/\/safaricolectivo.cl\/en\/wp-json\/wp\/v2\/product\/5845","targetHints":{"allow":["GET"]}}],"collection":[{"href":"https:\/\/safaricolectivo.cl\/en\/wp-json\/wp\/v2\/product"}],"about":[{"href":"https:\/\/safaricolectivo.cl\/en\/wp-json\/wp\/v2\/types\/product"}],"replies":[{"embeddable":true,"href":"https:\/\/safaricolectivo.cl\/en\/wp-json\/wp\/v2\/comments?post=5845"}],"wp:featuredmedia":[{"embeddable":true,"href":"https:\/\/safaricolectivo.cl\/en\/wp-json\/wp\/v2\/media\/5846"}],"wp:attachment":[{"href":"https:\/\/safaricolectivo.cl\/en\/wp-json\/wp\/v2\/media?parent=5845"}],"wp:term":[{"taxonomy":"product_brand","embeddable":true,"href":"https:\/\/safaricolectivo.cl\/en\/wp-json\/wp\/v2\/product_brand?post=5845"},{"taxonomy":"product_cat","embeddable":true,"href":"https:\/\/safaricolectivo.cl\/en\/wp-json\/wp\/v2\/product_cat?post=5845"},{"taxonomy":"product_tag","embeddable":true,"href":"https:\/\/safaricolectivo.cl\/en\/wp-json\/wp\/v2\/product_tag?post=5845"}],"curies":[{"name":"wp","href":"https:\/\/api.w.org\/{rel}","templated":true}]}}