{"id":5736,"date":"2023-07-05T18:52:45","date_gmt":"2023-07-05T22:52:45","guid":{"rendered":"https:\/\/new.safaricolectivo.cl\/product\/saiko-one-shots-sobrecubierta-exclusiva\/"},"modified":"2025-12-16T15:02:28","modified_gmt":"2025-12-16T18:02:28","slug":"saiko-one-shots-sobrecubierta-exclusiva","status":"publish","type":"product","link":"https:\/\/safaricolectivo.cl\/en\/product\/saiko-one-shots-sobrecubierta-exclusiva\/","title":{"rendered":"Saiko One-Shots (Sobrecubierta Exclusiva)"},"content":{"rendered":"","protected":false},"excerpt":{"rendered":"<p>SE PUBLICA UNA DE LAS OBRAS M\u00c1S IMPORTANTES DEL MANGA LATINOAMERICANO<\/p>\n<p>Sinopsis:<\/p>\n<p>Desde peque\u00f1o he dibujado muchos c\u00f3mics. Algunos los he publicado y muchos otros no. En este tomo recopilo todos los c\u00f3mics y mangas que he dibujado en mi vida (desde los 12 a los 24 a\u00f1os). Algunos se pueden leer \u00edntegramente y otros son solo res\u00famenes. Les tengo mucho cari\u00f1o a todas esas obras, \u00a1estoy muy feliz por compartirlas!<\/p>\n<p>Saikomic<\/p>","protected":false},"featured_media":5737,"comment_status":"open","ping_status":"closed","template":"","meta":{"_acf_changed":false,"_kad_blocks_custom_css":"","_kad_blocks_head_custom_js":"","_kad_blocks_body_custom_js":"","_kad_blocks_footer_custom_js":"","_kad_post_transparent":"","_kad_post_title":"","_kad_post_layout":"","_kad_post_sidebar_id":"","_kad_post_content_style":"","_kad_post_vertical_padding":"","_kad_post_feature":"","_kad_post_feature_position":"","_kad_post_header":false,"_kad_post_footer":false,"_kad_post_classname":""},"product_brand":[],"product_cat":[44],"product_tag":[],"class_list":{"0":"post-5736","1":"product","2":"type-product","3":"status-publish","4":"has-post-thumbnail","6":"product_cat-libros","8":"first","9":"instock","10":"sale","11":"shipping-taxable","12":"purchasable","13":"product-type-simple","14":"entry","15":"content-bg","16":"loop-entry"},"acf":[],"taxonomy_info":{"product_cat":[{"value":44,"label":"LIBROS"}]},"featured_image_src_large":["https:\/\/safaricolectivo.cl\/wp-content\/uploads\/2025\/10\/One-shot_-sobrecubierta-exclusiva.png",800,800,false],"author_info":[],"comment_info":0,"_links":{"self":[{"href":"https:\/\/safaricolectivo.cl\/en\/wp-json\/wp\/v2\/product\/5736","targetHints":{"allow":["GET"]}}],"collection":[{"href":"https:\/\/safaricolectivo.cl\/en\/wp-json\/wp\/v2\/product"}],"about":[{"href":"https:\/\/safaricolectivo.cl\/en\/wp-json\/wp\/v2\/types\/product"}],"replies":[{"embeddable":true,"href":"https:\/\/safaricolectivo.cl\/en\/wp-json\/wp\/v2\/comments?post=5736"}],"wp:featuredmedia":[{"embeddable":true,"href":"https:\/\/safaricolectivo.cl\/en\/wp-json\/wp\/v2\/media\/5737"}],"wp:attachment":[{"href":"https:\/\/safaricolectivo.cl\/en\/wp-json\/wp\/v2\/media?parent=5736"}],"wp:term":[{"taxonomy":"product_brand","embeddable":true,"href":"https:\/\/safaricolectivo.cl\/en\/wp-json\/wp\/v2\/product_brand?post=5736"},{"taxonomy":"product_cat","embeddable":true,"href":"https:\/\/safaricolectivo.cl\/en\/wp-json\/wp\/v2\/product_cat?post=5736"},{"taxonomy":"product_tag","embeddable":true,"href":"https:\/\/safaricolectivo.cl\/en\/wp-json\/wp\/v2\/product_tag?post=5736"}],"curies":[{"name":"wp","href":"https:\/\/api.w.org\/{rel}","templated":true}]}}