{"id":5336,"date":"2023-01-24T14:45:05","date_gmt":"2023-01-24T17:45:05","guid":{"rendered":"https:\/\/new.safaricolectivo.cl\/product\/print-mi-vecino-totoro\/"},"modified":"2025-10-30T13:28:10","modified_gmt":"2025-10-30T16:28:10","slug":"print-mi-vecino-totoro","status":"publish","type":"product","link":"https:\/\/safaricolectivo.cl\/en\/product\/print-mi-vecino-totoro\/","title":{"rendered":"Print Mi Vecino Totoro"},"content":{"rendered":"","protected":false},"excerpt":{"rendered":"<p>Ilustraci\u00f3n creada por <a href=\"https:\/\/safaricolectivo.cl\/en\/product-category\/artistas\/ilustradores-misao\/\">MISAO<\/a> disponible en:<br \/>\npostal (tama\u00f1o 13&#215;18 cms aprox). Impreso en papel RC wave. 260gr.<br \/>\nPrint A4 (tama\u00f1o 21X29 cms aprox). Impreso en papel RC wave. 260gr.<br \/>\nPrint A3 (tama\u00f1o29x42 cms aprox), Impreso en papel RC wave 260gr.<\/p>\n<p>Tama\u00f1o de la impresi\u00f3n puede variar seg\u00fan la proporci\u00f3n de la ilustraci\u00f3n original.<\/p>","protected":false},"featured_media":5337,"comment_status":"open","ping_status":"open","template":"","meta":{"_acf_changed":false,"_kad_blocks_custom_css":"","_kad_blocks_head_custom_js":"","_kad_blocks_body_custom_js":"","_kad_blocks_footer_custom_js":"","_kad_post_transparent":"","_kad_post_title":"","_kad_post_layout":"","_kad_post_sidebar_id":"","_kad_post_content_style":"","_kad_post_vertical_padding":"","_kad_post_feature":"","_kad_post_feature_position":"","_kad_post_header":false,"_kad_post_footer":false,"_kad_post_classname":""},"product_brand":[],"product_cat":[54],"product_tag":[],"class_list":{"0":"post-5336","1":"product","2":"type-product","3":"status-publish","4":"has-post-thumbnail","6":"product_cat-misao","7":"pa_tamano-postal-13x18-cms-aprox","8":"pa_tamano-print-a3-29x42-cms-aprox","9":"pa_tamano-print-a4-21x29-cms","11":"first","12":"instock","13":"shipping-taxable","14":"purchasable","15":"product-type-variable","16":"entry","17":"content-bg","18":"loop-entry"},"acf":[],"taxonomy_info":{"product_cat":[{"value":54,"label":"MISAO"}],"pa_tamano":[{"value":47,"label":"Postal 13x18 cms Aprox."},{"value":76,"label":"Print A3 29x42 cms aprox."},{"value":53,"label":"Print A4 21x29 cms"}]},"featured_image_src_large":["https:\/\/safaricolectivo.cl\/wp-content\/uploads\/2025\/10\/mi-vecino-totoro-1024x1024.png",1024,1024,true],"author_info":[],"comment_info":0,"_links":{"self":[{"href":"https:\/\/safaricolectivo.cl\/en\/wp-json\/wp\/v2\/product\/5336","targetHints":{"allow":["GET"]}}],"collection":[{"href":"https:\/\/safaricolectivo.cl\/en\/wp-json\/wp\/v2\/product"}],"about":[{"href":"https:\/\/safaricolectivo.cl\/en\/wp-json\/wp\/v2\/types\/product"}],"replies":[{"embeddable":true,"href":"https:\/\/safaricolectivo.cl\/en\/wp-json\/wp\/v2\/comments?post=5336"}],"wp:featuredmedia":[{"embeddable":true,"href":"https:\/\/safaricolectivo.cl\/en\/wp-json\/wp\/v2\/media\/5337"}],"wp:attachment":[{"href":"https:\/\/safaricolectivo.cl\/en\/wp-json\/wp\/v2\/media?parent=5336"}],"wp:term":[{"taxonomy":"product_brand","embeddable":true,"href":"https:\/\/safaricolectivo.cl\/en\/wp-json\/wp\/v2\/product_brand?post=5336"},{"taxonomy":"product_cat","embeddable":true,"href":"https:\/\/safaricolectivo.cl\/en\/wp-json\/wp\/v2\/product_cat?post=5336"},{"taxonomy":"product_tag","embeddable":true,"href":"https:\/\/safaricolectivo.cl\/en\/wp-json\/wp\/v2\/product_tag?post=5336"}],"curies":[{"name":"wp","href":"https:\/\/api.w.org\/{rel}","templated":true}]}}