{"id":5281,"date":"2023-01-18T19:31:31","date_gmt":"2023-01-18T22:31:31","guid":{"rendered":"https:\/\/new.safaricolectivo.cl\/product\/sogeking\/"},"modified":"2025-10-30T13:26:57","modified_gmt":"2025-10-30T16:26:57","slug":"sogeking","status":"publish","type":"product","link":"https:\/\/safaricolectivo.cl\/en\/product\/sogeking\/","title":{"rendered":"SOGEKING"},"content":{"rendered":"","protected":false},"excerpt":{"rendered":"<p>Ilustraci\u00f3n creada por LITIO disponible en:<br \/>\npostal (tama\u00f1o 13&#215;18 cms aprox). Impreso en papel RC wave.<br \/>\nPrint A4 (tama\u00f1o 21X29 cms aprox). Impreso en papel RC wave.<br \/>\nPrint A3 (tama\u00f1o 42\u00d730 cms aprox). Impreso en papel RC wave.<\/p>\n<p>Tama\u00f1o de la impresi\u00f3n puede variar seg\u00fan la proporci\u00f3n de la ilustraci\u00f3n original.<\/p>","protected":false},"featured_media":5282,"comment_status":"open","ping_status":"open","template":"","meta":{"_acf_changed":false,"_kad_blocks_custom_css":"","_kad_blocks_head_custom_js":"","_kad_blocks_body_custom_js":"","_kad_blocks_footer_custom_js":"","_kad_post_transparent":"","_kad_post_title":"","_kad_post_layout":"","_kad_post_sidebar_id":"","_kad_post_content_style":"","_kad_post_vertical_padding":"","_kad_post_feature":"","_kad_post_feature_position":"","_kad_post_header":false,"_kad_post_footer":false,"_kad_post_classname":""},"product_brand":[],"product_cat":[61],"product_tag":[],"class_list":{"0":"post-5281","1":"product","2":"type-product","3":"status-publish","4":"has-post-thumbnail","6":"product_cat-litio","7":"pa_papel-rc-wave","8":"pa_tamano-postal-13x18-cms-aprox","9":"pa_tamano-print-21x29-cms-aprox","10":"pa_tamano-print-a3-29x42-cms-aprox","12":"first","13":"instock","14":"shipping-taxable","15":"purchasable","16":"product-type-variable","17":"entry","18":"content-bg","19":"loop-entry"},"acf":[],"taxonomy_info":{"product_cat":[{"value":61,"label":"LITIO"}],"pa_papel":[{"value":46,"label":"RC wave"}],"pa_tamano":[{"value":47,"label":"Postal 13x18 cms Aprox."},{"value":72,"label":"Print 21x29 cms Aprox."},{"value":76,"label":"Print A3 29x42 cms aprox."}]},"featured_image_src_large":["https:\/\/safaricolectivo.cl\/wp-content\/uploads\/2025\/10\/sogeking.png",794,794,false],"author_info":[],"comment_info":0,"_links":{"self":[{"href":"https:\/\/safaricolectivo.cl\/en\/wp-json\/wp\/v2\/product\/5281","targetHints":{"allow":["GET"]}}],"collection":[{"href":"https:\/\/safaricolectivo.cl\/en\/wp-json\/wp\/v2\/product"}],"about":[{"href":"https:\/\/safaricolectivo.cl\/en\/wp-json\/wp\/v2\/types\/product"}],"replies":[{"embeddable":true,"href":"https:\/\/safaricolectivo.cl\/en\/wp-json\/wp\/v2\/comments?post=5281"}],"wp:featuredmedia":[{"embeddable":true,"href":"https:\/\/safaricolectivo.cl\/en\/wp-json\/wp\/v2\/media\/5282"}],"wp:attachment":[{"href":"https:\/\/safaricolectivo.cl\/en\/wp-json\/wp\/v2\/media?parent=5281"}],"wp:term":[{"taxonomy":"product_brand","embeddable":true,"href":"https:\/\/safaricolectivo.cl\/en\/wp-json\/wp\/v2\/product_brand?post=5281"},{"taxonomy":"product_cat","embeddable":true,"href":"https:\/\/safaricolectivo.cl\/en\/wp-json\/wp\/v2\/product_cat?post=5281"},{"taxonomy":"product_tag","embeddable":true,"href":"https:\/\/safaricolectivo.cl\/en\/wp-json\/wp\/v2\/product_tag?post=5281"}],"curies":[{"name":"wp","href":"https:\/\/api.w.org\/{rel}","templated":true}]}}