{"id":5249,"date":"2022-12-14T13:27:25","date_gmt":"2022-12-14T16:27:25","guid":{"rendered":"https:\/\/new.safaricolectivo.cl\/product\/libro-tweeling-1\/"},"modified":"2025-11-25T15:28:27","modified_gmt":"2025-11-25T18:28:27","slug":"libro-tweeling-1","status":"publish","type":"product","link":"https:\/\/safaricolectivo.cl\/en\/product\/libro-tweeling-1\/","title":{"rendered":"Libro Tweeling 1"},"content":{"rendered":"<div class=\"row\">\n<div class=\"col-xs-5\">\n<div class=\"box\">\n<p>Formato:\u00a0<span style=\"font-family: var(--global-body-font-family);\">Libro f\u00edsico<\/span><\/p>\n<\/div>\n<\/div>\n<\/div>\n<div class=\"row\">\n<div class=\"col-xs-5\">\n<div class=\"box\">Autora:\u00a0<span style=\"font-family: var(--global-body-font-family);\">Emina Himesama<\/span><\/div>\n<\/div>\n<\/div>\n<div class=\"row\">\n<div class=\"col-xs-5\">\n<div class=\"box\">Editorial:\u00a0<span style=\"font-family: var(--global-body-font-family);\">Visuales<\/span><\/div>\n<\/div>\n<\/div>\n<div class=\"row\">\n<div class=\"col-xs-5\">\n<div class=\"box\">N\u00b0 p\u00e1ginas:\u00a0<span style=\"font-family: var(--global-body-font-family);\">168<\/span><\/div>\n<\/div>\n<\/div>\n<div class=\"row\">\n<div class=\"col-xs-5\">\n<div class=\"box\">Encuadernaci\u00f3n:\u00a0<span style=\"font-family: var(--global-body-font-family);\">Tapa blanda<\/span><\/div>\n<\/div>\n<\/div>\n<div class=\"row\">\n<div class=\"col-xs-5\">\n<div class=\"box\">\n<p>Dimensiones:\u00a0<span style=\"font-family: var(--global-body-font-family);\">13 x 18 cms<\/span><\/p>\n<p>Suta es un chico apresurado y enamoradizo al que siempre han rechazado las chicas de la escuela. A pesar de eso tienen amigos que siempre le apoyan y acompa\u00f1an y una familia amorosa que se preocupa por \u00e9l. Lo que no saben sus amigos es que Suta tiene un hermano gemelo que asiste a una escuela totalmente diferente. \u00a1Pero algo inesperado ocurre! y Suta deber\u00e1 tomar el lugar de su hermano por unos d\u00edas. \u00bfEn qu\u00e9 l\u00edos se meter\u00e1n para evitar ser descubiertos?<\/p>\n<\/div>\n<\/div>\n<\/div>","protected":false},"excerpt":{"rendered":"<p>Formato:\u00a0Libro f\u00edsico Autora:\u00a0Emina Himesama Editorial:\u00a0Visuales N\u00b0 p\u00e1ginas:\u00a0168 Encuadernaci\u00f3n:\u00a0Tapa blanda Dimensiones:\u00a013 x 18 cms Suta es un chico apresurado y enamoradizo al que siempre han rechazado las chicas de la escuela. A pesar de eso tienen amigos que siempre le apoyan y acompa\u00f1an y una familia amorosa que se preocupa por \u00e9l. Lo que no saben&#8230;<\/p>","protected":false},"featured_media":5250,"comment_status":"open","ping_status":"closed","template":"","meta":{"_acf_changed":false,"_kad_blocks_custom_css":"","_kad_blocks_head_custom_js":"","_kad_blocks_body_custom_js":"","_kad_blocks_footer_custom_js":"","_kad_post_transparent":"","_kad_post_title":"","_kad_post_layout":"","_kad_post_sidebar_id":"","_kad_post_content_style":"","_kad_post_vertical_padding":"","_kad_post_feature":"","_kad_post_feature_position":"","_kad_post_header":false,"_kad_post_footer":false,"_kad_post_classname":""},"product_brand":[],"product_cat":[44],"product_tag":[],"class_list":{"0":"post-5249","1":"product","2":"type-product","3":"status-publish","4":"has-post-thumbnail","6":"product_cat-libros","8":"first","9":"instock","10":"shipping-taxable","11":"purchasable","12":"product-type-simple","13":"entry","14":"content-bg","15":"loop-entry"},"acf":[],"taxonomy_info":{"product_cat":[{"value":44,"label":"LIBROS"}]},"featured_image_src_large":["https:\/\/safaricolectivo.cl\/wp-content\/uploads\/2025\/10\/Captura-de-Pantalla-2022-12-14-a-las-10.24.25.png",863,863,false],"author_info":[],"comment_info":0,"_links":{"self":[{"href":"https:\/\/safaricolectivo.cl\/en\/wp-json\/wp\/v2\/product\/5249","targetHints":{"allow":["GET"]}}],"collection":[{"href":"https:\/\/safaricolectivo.cl\/en\/wp-json\/wp\/v2\/product"}],"about":[{"href":"https:\/\/safaricolectivo.cl\/en\/wp-json\/wp\/v2\/types\/product"}],"replies":[{"embeddable":true,"href":"https:\/\/safaricolectivo.cl\/en\/wp-json\/wp\/v2\/comments?post=5249"}],"wp:featuredmedia":[{"embeddable":true,"href":"https:\/\/safaricolectivo.cl\/en\/wp-json\/wp\/v2\/media\/5250"}],"wp:attachment":[{"href":"https:\/\/safaricolectivo.cl\/en\/wp-json\/wp\/v2\/media?parent=5249"}],"wp:term":[{"taxonomy":"product_brand","embeddable":true,"href":"https:\/\/safaricolectivo.cl\/en\/wp-json\/wp\/v2\/product_brand?post=5249"},{"taxonomy":"product_cat","embeddable":true,"href":"https:\/\/safaricolectivo.cl\/en\/wp-json\/wp\/v2\/product_cat?post=5249"},{"taxonomy":"product_tag","embeddable":true,"href":"https:\/\/safaricolectivo.cl\/en\/wp-json\/wp\/v2\/product_tag?post=5249"}],"curies":[{"name":"wp","href":"https:\/\/api.w.org\/{rel}","templated":true}]}}