{"id":5186,"date":"2022-11-09T15:45:55","date_gmt":"2022-11-09T18:45:55","guid":{"rendered":"https:\/\/new.safaricolectivo.cl\/product\/print-chopper-lloron\/"},"modified":"2025-10-30T13:24:51","modified_gmt":"2025-10-30T16:24:51","slug":"print-chopper-lloron","status":"publish","type":"product","link":"https:\/\/safaricolectivo.cl\/en\/product\/print-chopper-lloron\/","title":{"rendered":"PRINT CHOPPER LLOR\u00d3N"},"content":{"rendered":"","protected":false},"excerpt":{"rendered":"<p>Ilustraci\u00f3n creada por PORUMIN disponible en:<br \/>\nPostal 13 x 18 impreso en papel RC wave.<br \/>\nPrint A4 (tama\u00f1o 21X29 cms aprox). Impreso en papel RC wave.<br \/>\nPrint A3\u00a0 (29,7 x 42 cm aprox). Impreso en papel RC wave.<\/p>\n<p>Tama\u00f1o de la impresi\u00f3n puede variar seg\u00fan la proporci\u00f3n de la ilustraci\u00f3n original.<\/p>","protected":false},"featured_media":5183,"comment_status":"open","ping_status":"open","template":"","meta":{"_acf_changed":false,"_kad_blocks_custom_css":"","_kad_blocks_head_custom_js":"","_kad_blocks_body_custom_js":"","_kad_blocks_footer_custom_js":"","_kad_post_transparent":"","_kad_post_title":"","_kad_post_layout":"","_kad_post_sidebar_id":"","_kad_post_content_style":"","_kad_post_vertical_padding":"","_kad_post_feature":"","_kad_post_feature_position":"","_kad_post_header":false,"_kad_post_footer":false,"_kad_post_classname":""},"product_brand":[],"product_cat":[48,64,60],"product_tag":[],"class_list":{"0":"post-5186","1":"product","2":"type-product","3":"status-publish","4":"has-post-thumbnail","6":"product_cat-ilustraciones","7":"product_cat-porumin","8":"product_cat-safari","9":"pa_papel-rc-wave","10":"pa_tamano-postal-13x18-cms-aprox","11":"pa_tamano-print-a3-29x42-cms-aprox","12":"pa_tamano-print-a4-21x29-cms","14":"first","15":"instock","16":"shipping-taxable","17":"purchasable","18":"product-type-variable","19":"entry","20":"content-bg","21":"loop-entry"},"acf":[],"taxonomy_info":{"product_cat":[{"value":48,"label":"ILUSTRACIONES"},{"value":64,"label":"PORUMIN"},{"value":60,"label":"SAFARI"}],"pa_papel":[{"value":46,"label":"RC wave"}],"pa_tamano":[{"value":47,"label":"Postal 13x18 cms Aprox."},{"value":76,"label":"Print A3 29x42 cms aprox."},{"value":53,"label":"Print A4 21x29 cms"}]},"featured_image_src_large":["https:\/\/safaricolectivo.cl\/wp-content\/uploads\/2025\/10\/chopperr-1024x1024.png",1024,1024,true],"author_info":[],"comment_info":0,"_links":{"self":[{"href":"https:\/\/safaricolectivo.cl\/en\/wp-json\/wp\/v2\/product\/5186","targetHints":{"allow":["GET"]}}],"collection":[{"href":"https:\/\/safaricolectivo.cl\/en\/wp-json\/wp\/v2\/product"}],"about":[{"href":"https:\/\/safaricolectivo.cl\/en\/wp-json\/wp\/v2\/types\/product"}],"replies":[{"embeddable":true,"href":"https:\/\/safaricolectivo.cl\/en\/wp-json\/wp\/v2\/comments?post=5186"}],"wp:featuredmedia":[{"embeddable":true,"href":"https:\/\/safaricolectivo.cl\/en\/wp-json\/wp\/v2\/media\/5183"}],"wp:attachment":[{"href":"https:\/\/safaricolectivo.cl\/en\/wp-json\/wp\/v2\/media?parent=5186"}],"wp:term":[{"taxonomy":"product_brand","embeddable":true,"href":"https:\/\/safaricolectivo.cl\/en\/wp-json\/wp\/v2\/product_brand?post=5186"},{"taxonomy":"product_cat","embeddable":true,"href":"https:\/\/safaricolectivo.cl\/en\/wp-json\/wp\/v2\/product_cat?post=5186"},{"taxonomy":"product_tag","embeddable":true,"href":"https:\/\/safaricolectivo.cl\/en\/wp-json\/wp\/v2\/product_tag?post=5186"}],"curies":[{"name":"wp","href":"https:\/\/api.w.org\/{rel}","templated":true}]}}