{"id":5141,"date":"2022-10-21T18:54:40","date_gmt":"2022-10-21T21:54:40","guid":{"rendered":"https:\/\/new.safaricolectivo.cl\/product\/mientras-yubooh-duerme-3\/"},"modified":"2025-11-25T18:51:52","modified_gmt":"2025-11-25T21:51:52","slug":"mientras-yubooh-duerme-3","status":"publish","type":"product","link":"https:\/\/safaricolectivo.cl\/en\/product\/mientras-yubooh-duerme-3\/","title":{"rendered":"Mientras Yubooh Duerme 3"},"content":{"rendered":"","protected":false},"excerpt":{"rendered":"<p>Finalmente ha llegado el d\u00eda\u2026 O mejor dicho: la noche. Luego de un atribulado y desconcertante inicio de clases, por fin la Academia Saturno se enterar\u00e1 si Yubooh tiene o no poderes. La expectativa es alta y las emociones de sus compa\u00f1eros ante la revelaci\u00f3n los mantiene entre el miedo y el entusiasmo. Sin embargo, no todo depende de esta noche\u2026 hay misterios y secretos que ser\u00e1n revelados lentamente. Una historia que ha encantado a miles en Chile y el mundo contin\u00faa con un nuevo y emocionante episodio. Mientras Yubooh duerme sigue las aventuras de sus adorables protagonistas en una trama en que la belleza y la sensibilidad dan vida a un mundo lleno de magia y humanidad.<\/p>","protected":false},"featured_media":5142,"comment_status":"open","ping_status":"closed","template":"","meta":{"_acf_changed":false,"_kad_blocks_custom_css":"","_kad_blocks_head_custom_js":"","_kad_blocks_body_custom_js":"","_kad_blocks_footer_custom_js":"","_kad_post_transparent":"","_kad_post_title":"","_kad_post_layout":"","_kad_post_sidebar_id":"","_kad_post_content_style":"","_kad_post_vertical_padding":"","_kad_post_feature":"","_kad_post_feature_position":"","_kad_post_header":false,"_kad_post_footer":false,"_kad_post_classname":""},"product_brand":[],"product_cat":[44,45],"product_tag":[],"class_list":{"0":"post-5141","1":"product","2":"type-product","3":"status-publish","4":"has-post-thumbnail","6":"product_cat-libros","7":"product_cat-paulinaapc","9":"first","10":"instock","11":"sale","12":"shipping-taxable","13":"purchasable","14":"product-type-simple","15":"entry","16":"content-bg","17":"loop-entry"},"acf":[],"taxonomy_info":{"product_cat":[{"value":44,"label":"LIBROS"},{"value":45,"label":"PAULINAAPC"}]},"featured_image_src_large":["https:\/\/safaricolectivo.cl\/wp-content\/uploads\/2025\/10\/image00002-1024x1024.png",1024,1024,true],"author_info":[],"comment_info":0,"_links":{"self":[{"href":"https:\/\/safaricolectivo.cl\/en\/wp-json\/wp\/v2\/product\/5141","targetHints":{"allow":["GET"]}}],"collection":[{"href":"https:\/\/safaricolectivo.cl\/en\/wp-json\/wp\/v2\/product"}],"about":[{"href":"https:\/\/safaricolectivo.cl\/en\/wp-json\/wp\/v2\/types\/product"}],"replies":[{"embeddable":true,"href":"https:\/\/safaricolectivo.cl\/en\/wp-json\/wp\/v2\/comments?post=5141"}],"wp:featuredmedia":[{"embeddable":true,"href":"https:\/\/safaricolectivo.cl\/en\/wp-json\/wp\/v2\/media\/5142"}],"wp:attachment":[{"href":"https:\/\/safaricolectivo.cl\/en\/wp-json\/wp\/v2\/media?parent=5141"}],"wp:term":[{"taxonomy":"product_brand","embeddable":true,"href":"https:\/\/safaricolectivo.cl\/en\/wp-json\/wp\/v2\/product_brand?post=5141"},{"taxonomy":"product_cat","embeddable":true,"href":"https:\/\/safaricolectivo.cl\/en\/wp-json\/wp\/v2\/product_cat?post=5141"},{"taxonomy":"product_tag","embeddable":true,"href":"https:\/\/safaricolectivo.cl\/en\/wp-json\/wp\/v2\/product_tag?post=5141"}],"curies":[{"name":"wp","href":"https:\/\/api.w.org\/{rel}","templated":true}]}}