{"id":5080,"date":"2022-08-10T17:07:03","date_gmt":"2022-08-10T21:07:03","guid":{"rendered":"https:\/\/new.safaricolectivo.cl\/product\/print-full-metal-alchemist\/"},"modified":"2025-10-30T13:16:09","modified_gmt":"2025-10-30T16:16:09","slug":"print-full-metal-alchemist","status":"publish","type":"product","link":"https:\/\/safaricolectivo.cl\/en\/product\/print-full-metal-alchemist\/","title":{"rendered":"Print Full Metal Alchemist"},"content":{"rendered":"","protected":false},"excerpt":{"rendered":"<p>Ilustraci\u00f3n creada por PORUMIN disponible en:<br \/>\nPostal (tama\u00f1o 13X18 cms aprox). Impreso en papel RC wave 260 gr.<br \/>\nPrint A4 (tama\u00f1o 21X29 cms aprox). Impreso en papel RC wave<\/p>\n<p>Tama\u00f1o de la impresi\u00f3n puede variar seg\u00fan la proporci\u00f3n de la ilustraci\u00f3n original.<\/p>","protected":false},"featured_media":5081,"comment_status":"open","ping_status":"open","template":"","meta":{"_acf_changed":false,"_kad_blocks_custom_css":"","_kad_blocks_head_custom_js":"","_kad_blocks_body_custom_js":"","_kad_blocks_footer_custom_js":"","_kad_post_transparent":"","_kad_post_title":"","_kad_post_layout":"","_kad_post_sidebar_id":"","_kad_post_content_style":"","_kad_post_vertical_padding":"","_kad_post_feature":"","_kad_post_feature_position":"","_kad_post_header":false,"_kad_post_footer":false,"_kad_post_classname":""},"product_brand":[],"product_cat":[48,64,60],"product_tag":[],"class_list":{"0":"post-5080","1":"product","2":"type-product","3":"status-publish","4":"has-post-thumbnail","6":"product_cat-ilustraciones","7":"product_cat-porumin","8":"product_cat-safari","9":"pa_tamano-postal-13x18-cms-aprox","10":"pa_tamano-print-a4-21x29-cms","12":"first","13":"instock","14":"shipping-taxable","15":"purchasable","16":"product-type-variable","17":"entry","18":"content-bg","19":"loop-entry"},"acf":[],"taxonomy_info":{"product_cat":[{"value":48,"label":"ILUSTRACIONES"},{"value":64,"label":"PORUMIN"},{"value":60,"label":"SAFARI"}],"pa_tamano":[{"value":47,"label":"Postal 13x18 cms Aprox."},{"value":53,"label":"Print A4 21x29 cms"}]},"featured_image_src_large":["https:\/\/safaricolectivo.cl\/wp-content\/uploads\/2025\/10\/Fullmetal-1024x850.png",1024,850,true],"author_info":[],"comment_info":0,"_links":{"self":[{"href":"https:\/\/safaricolectivo.cl\/en\/wp-json\/wp\/v2\/product\/5080","targetHints":{"allow":["GET"]}}],"collection":[{"href":"https:\/\/safaricolectivo.cl\/en\/wp-json\/wp\/v2\/product"}],"about":[{"href":"https:\/\/safaricolectivo.cl\/en\/wp-json\/wp\/v2\/types\/product"}],"replies":[{"embeddable":true,"href":"https:\/\/safaricolectivo.cl\/en\/wp-json\/wp\/v2\/comments?post=5080"}],"wp:featuredmedia":[{"embeddable":true,"href":"https:\/\/safaricolectivo.cl\/en\/wp-json\/wp\/v2\/media\/5081"}],"wp:attachment":[{"href":"https:\/\/safaricolectivo.cl\/en\/wp-json\/wp\/v2\/media?parent=5080"}],"wp:term":[{"taxonomy":"product_brand","embeddable":true,"href":"https:\/\/safaricolectivo.cl\/en\/wp-json\/wp\/v2\/product_brand?post=5080"},{"taxonomy":"product_cat","embeddable":true,"href":"https:\/\/safaricolectivo.cl\/en\/wp-json\/wp\/v2\/product_cat?post=5080"},{"taxonomy":"product_tag","embeddable":true,"href":"https:\/\/safaricolectivo.cl\/en\/wp-json\/wp\/v2\/product_tag?post=5080"}],"curies":[{"name":"wp","href":"https:\/\/api.w.org\/{rel}","templated":true}]}}