{"id":5068,"date":"2022-08-09T15:07:09","date_gmt":"2022-08-09T19:07:09","guid":{"rendered":"https:\/\/new.safaricolectivo.cl\/product\/pre-venta-antagonista-3\/"},"modified":"2025-12-26T15:57:19","modified_gmt":"2025-12-26T18:57:19","slug":"pre-venta-antagonista-3","status":"publish","type":"product","link":"https:\/\/safaricolectivo.cl\/en\/product\/pre-venta-antagonista-3\/","title":{"rendered":"LIBRO ANTAGONISTA 3 \u2013 SAIKOMIC"},"content":{"rendered":"","protected":false},"excerpt":{"rendered":"<p>Autor: Saikomic<br \/>\nISBN: 978-956-6127-09-3<br \/>\nG\u00e9nero: manga (c\u00f3mic)<br \/>\nP\u00e1ginas: 202<br \/>\nTama\u00f1o: 11,5\u00d717\u00a0cm<\/p>\n<p>Despu\u00e9s de haber ganado el\u00a0Tezuka Award 100\u00b0 Aniversario\u00a0con\u00a0<em>Armados,<\/em>\u00a0Saikomic\u00a0lleg\u00f3 para quedarse. Y no para solazarse en sus laureles, sino para sacudirnos con una historia que, siguiendo todos los patrones de un manga cl\u00e1sico de pelea, construye un mundo original y filoso.<\/p>\n<p>En la academia de vigilantes, Tago se da cuenta de sus debilidades y deja su orgullo de lado para aprender de su enemigo. Panzer se encuentra con un viejo conocido y tendr\u00e1 que llegar a sus l\u00edmites para cumplir lo que alg\u00fan d\u00eda prometi\u00f3: !ser el m\u00e1s fuerte sin ocupar una gota de ne\u00f3n!<\/p>\n<p>No es seguro que\u00a0<em>Antagonista\u00a0<\/em>sea el\u00a0primer manga\u00a0shonen de pelea dibujado por un chileno. Pero si no lo es, es el primero en equiparar la intensidad, humor y esp\u00edritu de los mangas japoneses de primera categor\u00eda. Y transformarse en un referente\u00a0del manga a nivel latinoamericano.<\/p>","protected":false},"featured_media":5069,"comment_status":"open","ping_status":"open","template":"","meta":{"_acf_changed":false,"_kad_blocks_custom_css":"","_kad_blocks_head_custom_js":"","_kad_blocks_body_custom_js":"","_kad_blocks_footer_custom_js":"","_kad_post_transparent":"","_kad_post_title":"","_kad_post_layout":"","_kad_post_sidebar_id":"","_kad_post_content_style":"","_kad_post_vertical_padding":"","_kad_post_feature":"","_kad_post_feature_position":"","_kad_post_header":false,"_kad_post_footer":false,"_kad_post_classname":""},"product_brand":[],"product_cat":[44],"product_tag":[],"class_list":{"0":"post-5068","1":"product","2":"type-product","3":"status-publish","4":"has-post-thumbnail","6":"product_cat-libros","8":"first","9":"instock","10":"sale","11":"shipping-taxable","12":"purchasable","13":"product-type-simple","14":"entry","15":"content-bg","16":"loop-entry"},"acf":[],"taxonomy_info":{"product_cat":[{"value":44,"label":"LIBROS"}]},"featured_image_src_large":["https:\/\/safaricolectivo.cl\/wp-content\/uploads\/2025\/10\/antagonista-3-1024x1024.png",1024,1024,true],"author_info":[],"comment_info":0,"_links":{"self":[{"href":"https:\/\/safaricolectivo.cl\/en\/wp-json\/wp\/v2\/product\/5068","targetHints":{"allow":["GET"]}}],"collection":[{"href":"https:\/\/safaricolectivo.cl\/en\/wp-json\/wp\/v2\/product"}],"about":[{"href":"https:\/\/safaricolectivo.cl\/en\/wp-json\/wp\/v2\/types\/product"}],"replies":[{"embeddable":true,"href":"https:\/\/safaricolectivo.cl\/en\/wp-json\/wp\/v2\/comments?post=5068"}],"wp:featuredmedia":[{"embeddable":true,"href":"https:\/\/safaricolectivo.cl\/en\/wp-json\/wp\/v2\/media\/5069"}],"wp:attachment":[{"href":"https:\/\/safaricolectivo.cl\/en\/wp-json\/wp\/v2\/media?parent=5068"}],"wp:term":[{"taxonomy":"product_brand","embeddable":true,"href":"https:\/\/safaricolectivo.cl\/en\/wp-json\/wp\/v2\/product_brand?post=5068"},{"taxonomy":"product_cat","embeddable":true,"href":"https:\/\/safaricolectivo.cl\/en\/wp-json\/wp\/v2\/product_cat?post=5068"},{"taxonomy":"product_tag","embeddable":true,"href":"https:\/\/safaricolectivo.cl\/en\/wp-json\/wp\/v2\/product_tag?post=5068"}],"curies":[{"name":"wp","href":"https:\/\/api.w.org\/{rel}","templated":true}]}}