{"id":5050,"date":"2022-07-15T14:01:06","date_gmt":"2022-07-15T18:01:06","guid":{"rendered":"https:\/\/new.safaricolectivo.cl\/product\/alegria-y-sofia-kaos-2\/"},"modified":"2025-12-15T23:44:22","modified_gmt":"2025-12-16T02:44:22","slug":"alegria-y-sofia-kaos-2","status":"publish","type":"product","link":"https:\/\/safaricolectivo.cl\/en\/product\/alegria-y-sofia-kaos-2\/","title":{"rendered":"Alegr\u00eda y Sof\u00eda Kaos 2"},"content":{"rendered":"","protected":false},"excerpt":{"rendered":"<p align=\"justify\">Libro de Daniela Thiers <strong><em>ALEGRIA Y SOFIA : KAOS 2<\/em><\/strong><\/p>\n<p align=\"justify\">\u201cEn medio de una trepidante lucha arcana, Alegr\u00eda y Sof\u00eda se reencuentran despu\u00e9s de largos a\u00f1os. \u201c\u00bfTe conozco?\u201d Sin embargo, hay poco tiempo para los reencuentros, pues en medio de la batalla se nos van develando los secretos de esta trama. Alegr\u00eda y Sof\u00eda Kaos II contin\u00faa las nuevas y emocionantes aventuras de nuestras queridas protagonistas, en que la magia, el amor y la justicia se unen contra las fuerzas del mal.\u201d<\/p>\n<p align=\"justify\">Autor: THIERS, DANIELA<br \/>\nEditorial: PLANETA COMICS<br \/>\nEncuadernaci\u00f3n: Rustico<\/p>","protected":false},"featured_media":5051,"comment_status":"open","ping_status":"open","template":"","meta":{"_acf_changed":false,"_kad_blocks_custom_css":"","_kad_blocks_head_custom_js":"","_kad_blocks_body_custom_js":"","_kad_blocks_footer_custom_js":"","_kad_post_transparent":"","_kad_post_title":"","_kad_post_layout":"","_kad_post_sidebar_id":"","_kad_post_content_style":"","_kad_post_vertical_padding":"","_kad_post_feature":"","_kad_post_feature_position":"","_kad_post_header":false,"_kad_post_footer":false,"_kad_post_classname":""},"product_brand":[],"product_cat":[44],"product_tag":[],"class_list":{"0":"post-5050","1":"product","2":"type-product","3":"status-publish","4":"has-post-thumbnail","6":"product_cat-libros","8":"first","9":"instock","10":"sale","11":"shipping-taxable","12":"purchasable","13":"product-type-simple","14":"entry","15":"content-bg","16":"loop-entry"},"acf":[],"taxonomy_info":{"product_cat":[{"value":44,"label":"LIBROS"}]},"featured_image_src_large":["https:\/\/safaricolectivo.cl\/wp-content\/uploads\/2025\/10\/kaos2.png",800,800,false],"author_info":[],"comment_info":0,"_links":{"self":[{"href":"https:\/\/safaricolectivo.cl\/en\/wp-json\/wp\/v2\/product\/5050","targetHints":{"allow":["GET"]}}],"collection":[{"href":"https:\/\/safaricolectivo.cl\/en\/wp-json\/wp\/v2\/product"}],"about":[{"href":"https:\/\/safaricolectivo.cl\/en\/wp-json\/wp\/v2\/types\/product"}],"replies":[{"embeddable":true,"href":"https:\/\/safaricolectivo.cl\/en\/wp-json\/wp\/v2\/comments?post=5050"}],"wp:featuredmedia":[{"embeddable":true,"href":"https:\/\/safaricolectivo.cl\/en\/wp-json\/wp\/v2\/media\/5051"}],"wp:attachment":[{"href":"https:\/\/safaricolectivo.cl\/en\/wp-json\/wp\/v2\/media?parent=5050"}],"wp:term":[{"taxonomy":"product_brand","embeddable":true,"href":"https:\/\/safaricolectivo.cl\/en\/wp-json\/wp\/v2\/product_brand?post=5050"},{"taxonomy":"product_cat","embeddable":true,"href":"https:\/\/safaricolectivo.cl\/en\/wp-json\/wp\/v2\/product_cat?post=5050"},{"taxonomy":"product_tag","embeddable":true,"href":"https:\/\/safaricolectivo.cl\/en\/wp-json\/wp\/v2\/product_tag?post=5050"}],"curies":[{"name":"wp","href":"https:\/\/api.w.org\/{rel}","templated":true}]}}