{"id":4888,"date":"2022-04-22T21:13:03","date_gmt":"2022-04-23T01:13:03","guid":{"rendered":"https:\/\/new.safaricolectivo.cl\/product\/maestro-gato-2-%c2%b7-edicion-a-color\/"},"modified":"2025-11-25T15:29:27","modified_gmt":"2025-11-25T18:29:27","slug":"maestro-gato-2-%c2%b7-edicion-a-color","status":"publish","type":"product","link":"https:\/\/safaricolectivo.cl\/en\/product\/maestro-gato-2-%c2%b7-edicion-a-color\/","title":{"rendered":"Maestro Gato 2  Edici\u00f3n a Color"},"content":{"rendered":"","protected":false},"excerpt":{"rendered":"<p>Autora: Paulina Palacios<br \/>\nEditorial: Visuales<br \/>\nFormato: Tapa Blanda con solapa<\/p>\n<p>+ Cap\u00edtulo extra exclusivo de este tomo \u00abEMIKO: Encargado de la clase\u00bb.<br \/>\nMaestro Conejo, El profesor que dice ser el verdadero maestro de la clase s\u00e9ptimo A, Llega a reclamar su puesto iniciando una controversia entre ambos. \u00bfQui\u00e9n ser\u00e1 el profesor que quedar\u00e1 a cargo de la clase?.<\/p>\n<p>&nbsp;<\/p>","protected":false},"featured_media":4889,"comment_status":"open","ping_status":"closed","template":"","meta":{"_acf_changed":false,"_kad_blocks_custom_css":"","_kad_blocks_head_custom_js":"","_kad_blocks_body_custom_js":"","_kad_blocks_footer_custom_js":"","_kad_post_transparent":"","_kad_post_title":"","_kad_post_layout":"","_kad_post_sidebar_id":"","_kad_post_content_style":"","_kad_post_vertical_padding":"","_kad_post_feature":"","_kad_post_feature_position":"","_kad_post_header":false,"_kad_post_footer":false,"_kad_post_classname":""},"product_brand":[],"product_cat":[44,45],"product_tag":[],"class_list":{"0":"post-4888","1":"product","2":"type-product","3":"status-publish","4":"has-post-thumbnail","6":"product_cat-libros","7":"product_cat-paulinaapc","9":"first","10":"instock","11":"shipping-taxable","12":"purchasable","13":"product-type-simple","14":"entry","15":"content-bg","16":"loop-entry"},"acf":[],"taxonomy_info":{"product_cat":[{"value":44,"label":"LIBROS"},{"value":45,"label":"PAULINAAPC"}]},"featured_image_src_large":["https:\/\/safaricolectivo.cl\/wp-content\/uploads\/2025\/10\/web_libro2-1024x1024.png",1024,1024,true],"author_info":[],"comment_info":0,"_links":{"self":[{"href":"https:\/\/safaricolectivo.cl\/en\/wp-json\/wp\/v2\/product\/4888","targetHints":{"allow":["GET"]}}],"collection":[{"href":"https:\/\/safaricolectivo.cl\/en\/wp-json\/wp\/v2\/product"}],"about":[{"href":"https:\/\/safaricolectivo.cl\/en\/wp-json\/wp\/v2\/types\/product"}],"replies":[{"embeddable":true,"href":"https:\/\/safaricolectivo.cl\/en\/wp-json\/wp\/v2\/comments?post=4888"}],"wp:featuredmedia":[{"embeddable":true,"href":"https:\/\/safaricolectivo.cl\/en\/wp-json\/wp\/v2\/media\/4889"}],"wp:attachment":[{"href":"https:\/\/safaricolectivo.cl\/en\/wp-json\/wp\/v2\/media?parent=4888"}],"wp:term":[{"taxonomy":"product_brand","embeddable":true,"href":"https:\/\/safaricolectivo.cl\/en\/wp-json\/wp\/v2\/product_brand?post=4888"},{"taxonomy":"product_cat","embeddable":true,"href":"https:\/\/safaricolectivo.cl\/en\/wp-json\/wp\/v2\/product_cat?post=4888"},{"taxonomy":"product_tag","embeddable":true,"href":"https:\/\/safaricolectivo.cl\/en\/wp-json\/wp\/v2\/product_tag?post=4888"}],"curies":[{"name":"wp","href":"https:\/\/api.w.org\/{rel}","templated":true}]}}