{"id":4856,"date":"2022-04-21T22:48:22","date_gmt":"2022-04-22T02:48:22","guid":{"rendered":"https:\/\/new.safaricolectivo.cl\/product\/polera-card-captor-sakura\/"},"modified":"2025-10-30T12:59:51","modified_gmt":"2025-10-30T15:59:51","slug":"polera-card-captor-sakura","status":"publish","type":"product","link":"https:\/\/safaricolectivo.cl\/en\/product\/polera-card-captor-sakura\/","title":{"rendered":"POLERA CARD CAPTOR SAKURA"},"content":{"rendered":"","protected":false},"excerpt":{"rendered":"<p>Polera de algod\u00f3n SOFT COTTON, Dise\u00f1o exclusivo de safari colectivo dise\u00f1ado por Frannana.<\/p>\n<p>Disponible en Rosa pastel y blanco.<\/p>\n<p>Tallas disponibles S-M-L-XL<\/p>","protected":false},"featured_media":4857,"comment_status":"open","ping_status":"open","template":"","meta":{"_acf_changed":false,"_kad_blocks_custom_css":"","_kad_blocks_head_custom_js":"","_kad_blocks_body_custom_js":"","_kad_blocks_footer_custom_js":"","_kad_post_transparent":"","_kad_post_title":"","_kad_post_layout":"","_kad_post_sidebar_id":"","_kad_post_content_style":"","_kad_post_vertical_padding":"","_kad_post_feature":"","_kad_post_feature_position":"","_kad_post_header":false,"_kad_post_footer":false,"_kad_post_classname":""},"product_brand":[],"product_cat":[73,59,60],"product_tag":[],"class_list":{"0":"post-4856","1":"product","2":"type-product","3":"status-publish","4":"has-post-thumbnail","6":"product_cat-frannana","7":"product_cat-poleras","8":"product_cat-safari","9":"pa_talla-l","10":"pa_talla-m","11":"pa_talla-s","12":"pa_talla-xl","14":"first","15":"instock","16":"shipping-taxable","17":"purchasable","18":"product-type-variable","19":"entry","20":"content-bg","21":"loop-entry"},"acf":[],"taxonomy_info":{"product_cat":[{"value":73,"label":"FRANNANA"},{"value":59,"label":"POLERAS"},{"value":60,"label":"SAFARI"}],"pa_talla":[{"value":55,"label":"L"},{"value":56,"label":"M"},{"value":57,"label":"S"},{"value":58,"label":"XL"}]},"featured_image_src_large":["https:\/\/safaricolectivo.cl\/wp-content\/uploads\/2025\/10\/sakura-1-1-1024x1024.png",1024,1024,true],"author_info":[],"comment_info":0,"_links":{"self":[{"href":"https:\/\/safaricolectivo.cl\/en\/wp-json\/wp\/v2\/product\/4856","targetHints":{"allow":["GET"]}}],"collection":[{"href":"https:\/\/safaricolectivo.cl\/en\/wp-json\/wp\/v2\/product"}],"about":[{"href":"https:\/\/safaricolectivo.cl\/en\/wp-json\/wp\/v2\/types\/product"}],"replies":[{"embeddable":true,"href":"https:\/\/safaricolectivo.cl\/en\/wp-json\/wp\/v2\/comments?post=4856"}],"wp:featuredmedia":[{"embeddable":true,"href":"https:\/\/safaricolectivo.cl\/en\/wp-json\/wp\/v2\/media\/4857"}],"wp:attachment":[{"href":"https:\/\/safaricolectivo.cl\/en\/wp-json\/wp\/v2\/media?parent=4856"}],"wp:term":[{"taxonomy":"product_brand","embeddable":true,"href":"https:\/\/safaricolectivo.cl\/en\/wp-json\/wp\/v2\/product_brand?post=4856"},{"taxonomy":"product_cat","embeddable":true,"href":"https:\/\/safaricolectivo.cl\/en\/wp-json\/wp\/v2\/product_cat?post=4856"},{"taxonomy":"product_tag","embeddable":true,"href":"https:\/\/safaricolectivo.cl\/en\/wp-json\/wp\/v2\/product_tag?post=4856"}],"curies":[{"name":"wp","href":"https:\/\/api.w.org\/{rel}","templated":true}]}}