{"id":4641,"date":"2022-01-12T10:08:54","date_gmt":"2022-01-12T13:08:54","guid":{"rendered":"https:\/\/new.safaricolectivo.cl\/product\/libro-antagonista-2-saikomic\/"},"modified":"2025-12-15T19:52:24","modified_gmt":"2025-12-15T22:52:24","slug":"libro-antagonista-2-saikomic","status":"publish","type":"product","link":"https:\/\/safaricolectivo.cl\/en\/product\/libro-antagonista-2-saikomic\/","title":{"rendered":"LIBRO ANTAGONISTA 2 &#8211; SAIKOMIC"},"content":{"rendered":"","protected":false},"excerpt":{"rendered":"<p>Despu\u00e9s de haber ganado el Tezuka Award 100\u00b0 Aniversario con Armados, Saikomic lleg\u00f3 para quedarse. Y no para solazarse en sus laureles, sino para sacudirnos con una historia que, siguiendo todos los patrones de un manga cl\u00e1sico de pelea, construye un mundo original y filoso. Tago re\u00fane a los mejores criminales en una organizaci\u00f3n para cumplir sus objetivos. En un mundo regido por el brillo del ne\u00f3n, poder que dota de superhabilidades a los personajes, y en una sociedad custodiada por los Vigilantes, Antagonista ir\u00e1 contra todo y todos para imponer su utop\u00eda y acabar la crueldad con crueldad.<\/p>\n<p>No es seguro que Antagonista sea el primer manga seinen de pelea dibujado por un chileno. Pero si no lo es, es el primero en equiparar la intensidad, humor y esp\u00edritu de los mangas japoneses de primera categor\u00eda. Y transformarse en un referente del manga a nivel latinoamericano.<\/p>","protected":false},"featured_media":4642,"comment_status":"open","ping_status":"open","template":"","meta":{"_acf_changed":false,"_kad_blocks_custom_css":"","_kad_blocks_head_custom_js":"","_kad_blocks_body_custom_js":"","_kad_blocks_footer_custom_js":"","_kad_post_transparent":"","_kad_post_title":"","_kad_post_layout":"","_kad_post_sidebar_id":"","_kad_post_content_style":"","_kad_post_vertical_padding":"","_kad_post_feature":"","_kad_post_feature_position":"","_kad_post_header":false,"_kad_post_footer":false,"_kad_post_classname":""},"product_brand":[],"product_cat":[44],"product_tag":[],"class_list":{"0":"post-4641","1":"product","2":"type-product","3":"status-publish","4":"has-post-thumbnail","6":"product_cat-libros","8":"first","9":"instock","10":"sale","11":"shipping-taxable","12":"purchasable","13":"product-type-simple","14":"entry","15":"content-bg","16":"loop-entry"},"acf":[],"taxonomy_info":{"product_cat":[{"value":44,"label":"LIBROS"}]},"featured_image_src_large":["https:\/\/safaricolectivo.cl\/wp-content\/uploads\/2025\/10\/antagonista-2-1024x1024.png",1024,1024,true],"author_info":[],"comment_info":0,"_links":{"self":[{"href":"https:\/\/safaricolectivo.cl\/en\/wp-json\/wp\/v2\/product\/4641","targetHints":{"allow":["GET"]}}],"collection":[{"href":"https:\/\/safaricolectivo.cl\/en\/wp-json\/wp\/v2\/product"}],"about":[{"href":"https:\/\/safaricolectivo.cl\/en\/wp-json\/wp\/v2\/types\/product"}],"replies":[{"embeddable":true,"href":"https:\/\/safaricolectivo.cl\/en\/wp-json\/wp\/v2\/comments?post=4641"}],"wp:featuredmedia":[{"embeddable":true,"href":"https:\/\/safaricolectivo.cl\/en\/wp-json\/wp\/v2\/media\/4642"}],"wp:attachment":[{"href":"https:\/\/safaricolectivo.cl\/en\/wp-json\/wp\/v2\/media?parent=4641"}],"wp:term":[{"taxonomy":"product_brand","embeddable":true,"href":"https:\/\/safaricolectivo.cl\/en\/wp-json\/wp\/v2\/product_brand?post=4641"},{"taxonomy":"product_cat","embeddable":true,"href":"https:\/\/safaricolectivo.cl\/en\/wp-json\/wp\/v2\/product_cat?post=4641"},{"taxonomy":"product_tag","embeddable":true,"href":"https:\/\/safaricolectivo.cl\/en\/wp-json\/wp\/v2\/product_tag?post=4641"}],"curies":[{"name":"wp","href":"https:\/\/api.w.org\/{rel}","templated":true}]}}