{"id":4590,"date":"2021-10-20T15:57:32","date_gmt":"2021-10-20T18:57:32","guid":{"rendered":"https:\/\/new.safaricolectivo.cl\/product\/pre-venta-mientras-yubooh-duerme-2\/"},"modified":"2025-10-30T12:25:40","modified_gmt":"2025-10-30T15:25:40","slug":"pre-venta-mientras-yubooh-duerme-2","status":"publish","type":"product","link":"https:\/\/safaricolectivo.cl\/en\/product\/pre-venta-mientras-yubooh-duerme-2\/","title":{"rendered":"MIENTRAS YUBOOH DUERME 2"},"content":{"rendered":"","protected":false},"excerpt":{"rendered":"<p>Tras ingresar a la Academia Saturno, la emoci\u00f3n y la curiosidad dominan a Yubooh, quien\u00a0luego de encontrarse con un amigo del pasado debe ir tras \u00e9l para conocer su triste historia. \u00bfQu\u00e9 te ha sucedido, Esteban? En paralelo, y ya iniciado el C\u00f3digo Pez, Salvia y Roo deber\u00e1n ense\u00f1arle la escuela a la nueva\u00a0estudiante, aunque manteniendo oculta la magia, para que ella no conozca la verdad, por lo\u00a0menos, hasta la luna llena. Paulina Palacios vuelve a llenarnos de emoci\u00f3n con la segunda parte de las aventuras de\u00a0Yubooh y sus amigos, una historia misteriosa, sensible y rebosante de encanto. \u00a1Quedan invitados a visitar y conocer la Academia Saturno!<\/p>","protected":false},"featured_media":4591,"comment_status":"open","ping_status":"open","template":"","meta":{"_acf_changed":false,"_kad_blocks_custom_css":"","_kad_blocks_head_custom_js":"","_kad_blocks_body_custom_js":"","_kad_blocks_footer_custom_js":"","_kad_post_transparent":"","_kad_post_title":"","_kad_post_layout":"","_kad_post_sidebar_id":"","_kad_post_content_style":"","_kad_post_vertical_padding":"","_kad_post_feature":"","_kad_post_feature_position":"","_kad_post_header":false,"_kad_post_footer":false,"_kad_post_classname":""},"product_brand":[],"product_cat":[44,45],"product_tag":[],"class_list":{"0":"post-4590","1":"product","2":"type-product","3":"status-publish","4":"has-post-thumbnail","6":"product_cat-libros","7":"product_cat-paulinaapc","9":"first","10":"instock","11":"shipping-taxable","12":"purchasable","13":"product-type-simple","14":"entry","15":"content-bg","16":"loop-entry"},"acf":[],"taxonomy_info":{"product_cat":[{"value":44,"label":"LIBROS"},{"value":45,"label":"PAULINAAPC"}]},"featured_image_src_large":["https:\/\/safaricolectivo.cl\/wp-content\/uploads\/2025\/10\/m1.png",643,643,false],"author_info":[],"comment_info":0,"_links":{"self":[{"href":"https:\/\/safaricolectivo.cl\/en\/wp-json\/wp\/v2\/product\/4590","targetHints":{"allow":["GET"]}}],"collection":[{"href":"https:\/\/safaricolectivo.cl\/en\/wp-json\/wp\/v2\/product"}],"about":[{"href":"https:\/\/safaricolectivo.cl\/en\/wp-json\/wp\/v2\/types\/product"}],"replies":[{"embeddable":true,"href":"https:\/\/safaricolectivo.cl\/en\/wp-json\/wp\/v2\/comments?post=4590"}],"wp:featuredmedia":[{"embeddable":true,"href":"https:\/\/safaricolectivo.cl\/en\/wp-json\/wp\/v2\/media\/4591"}],"wp:attachment":[{"href":"https:\/\/safaricolectivo.cl\/en\/wp-json\/wp\/v2\/media?parent=4590"}],"wp:term":[{"taxonomy":"product_brand","embeddable":true,"href":"https:\/\/safaricolectivo.cl\/en\/wp-json\/wp\/v2\/product_brand?post=4590"},{"taxonomy":"product_cat","embeddable":true,"href":"https:\/\/safaricolectivo.cl\/en\/wp-json\/wp\/v2\/product_cat?post=4590"},{"taxonomy":"product_tag","embeddable":true,"href":"https:\/\/safaricolectivo.cl\/en\/wp-json\/wp\/v2\/product_tag?post=4590"}],"curies":[{"name":"wp","href":"https:\/\/api.w.org\/{rel}","templated":true}]}}