{"id":4495,"date":"2021-08-18T08:28:25","date_gmt":"2021-08-18T12:28:25","guid":{"rendered":"https:\/\/new.safaricolectivo.cl\/product\/alegria-y-sofia-kaos\/"},"modified":"2025-10-30T12:21:57","modified_gmt":"2025-10-30T15:21:57","slug":"alegria-y-sofia-kaos","status":"publish","type":"product","link":"https:\/\/safaricolectivo.cl\/en\/product\/alegria-y-sofia-kaos\/","title":{"rendered":"ALEGRIA Y SOFIA &#8211; KAOS"},"content":{"rendered":"","protected":false},"excerpt":{"rendered":"<p>Alegr\u00eda y Sofia ya crecieron, pero algo extra\u00f1o esta ocurriendo&#8230;se notan un poco distanciadas&#8230;\u00bfAcaso se habr\u00e1n peleado? \u00bfQu\u00e9 les pas\u00f3?La aventura comienza en el cumplea\u00f1os N\u00b0 18 de Alegr\u00eda, en su fiesta con sus compa\u00f1eros de colegio conoce a un chico cuyo encuentro cambiar\u00e1 su vida.Por otro lado, Sofia trabaja en una cafeter\u00eda. Su amigo llamado Said, siempre la esta ayudando en todo. Es que a veces Sofia puede ser muy torpe.Existe una leyenda entre los magos, unas llaves que pueden abrir una biblioteca y revelar grandes conocimientos antiguos. \u00bfQuienes son los magos de esta historia?Esta saga esta llena de misterios y reencuentros. Nuevo amigos \u00bfnuevos enemigos?<\/p>","protected":false},"featured_media":0,"comment_status":"open","ping_status":"open","template":"","meta":{"_acf_changed":false,"_kad_blocks_custom_css":"","_kad_blocks_head_custom_js":"","_kad_blocks_body_custom_js":"","_kad_blocks_footer_custom_js":"","_kad_post_transparent":"","_kad_post_title":"","_kad_post_layout":"","_kad_post_sidebar_id":"","_kad_post_content_style":"","_kad_post_vertical_padding":"","_kad_post_feature":"","_kad_post_feature_position":"","_kad_post_header":false,"_kad_post_footer":false,"_kad_post_classname":""},"product_brand":[],"product_cat":[44],"product_tag":[],"class_list":{"0":"post-4495","1":"product","2":"type-product","3":"status-publish","5":"product_cat-libros","7":"first","8":"outofstock","9":"sale","10":"shipping-taxable","11":"purchasable","12":"product-type-simple","13":"entry","14":"content-bg","15":"loop-entry"},"acf":[],"taxonomy_info":{"product_cat":[{"value":44,"label":"LIBROS"}]},"featured_image_src_large":false,"author_info":[],"comment_info":0,"_links":{"self":[{"href":"https:\/\/safaricolectivo.cl\/en\/wp-json\/wp\/v2\/product\/4495","targetHints":{"allow":["GET"]}}],"collection":[{"href":"https:\/\/safaricolectivo.cl\/en\/wp-json\/wp\/v2\/product"}],"about":[{"href":"https:\/\/safaricolectivo.cl\/en\/wp-json\/wp\/v2\/types\/product"}],"replies":[{"embeddable":true,"href":"https:\/\/safaricolectivo.cl\/en\/wp-json\/wp\/v2\/comments?post=4495"}],"wp:attachment":[{"href":"https:\/\/safaricolectivo.cl\/en\/wp-json\/wp\/v2\/media?parent=4495"}],"wp:term":[{"taxonomy":"product_brand","embeddable":true,"href":"https:\/\/safaricolectivo.cl\/en\/wp-json\/wp\/v2\/product_brand?post=4495"},{"taxonomy":"product_cat","embeddable":true,"href":"https:\/\/safaricolectivo.cl\/en\/wp-json\/wp\/v2\/product_cat?post=4495"},{"taxonomy":"product_tag","embeddable":true,"href":"https:\/\/safaricolectivo.cl\/en\/wp-json\/wp\/v2\/product_tag?post=4495"}],"curies":[{"name":"wp","href":"https:\/\/api.w.org\/{rel}","templated":true}]}}