{"id":4410,"date":"2021-05-12T19:22:10","date_gmt":"2021-05-12T23:22:10","guid":{"rendered":"https:\/\/new.safaricolectivo.cl\/product\/print-a4-ramiel\/"},"modified":"2025-10-30T12:07:27","modified_gmt":"2025-10-30T15:07:27","slug":"print-a4-ramiel","status":"publish","type":"product","link":"https:\/\/safaricolectivo.cl\/en\/product\/print-a4-ramiel\/","title":{"rendered":"Print A4: Ramiel"},"content":{"rendered":"","protected":false},"excerpt":{"rendered":"<p>Print impreso en papel Premiun RC WAVE, que realza los colores y las texturas de las im\u00e1genes, adem\u00e1s de tener una mayor resistencia al desgaste por la exposici\u00f3n al sol y a la humedad del ambiente.<br \/>\nTama\u00f1o: A4 21&#215;30 cms aprox. (El tama\u00f1o puede variar seg\u00fan la proporci\u00f3n de la ilustraci\u00f3n).<br \/>\n260 Gr.<\/p>","protected":false},"featured_media":0,"comment_status":"open","ping_status":"open","template":"","meta":{"_acf_changed":false,"_kad_blocks_custom_css":"","_kad_blocks_head_custom_js":"","_kad_blocks_body_custom_js":"","_kad_blocks_footer_custom_js":"","_kad_post_transparent":"","_kad_post_title":"","_kad_post_layout":"","_kad_post_sidebar_id":"","_kad_post_content_style":"","_kad_post_vertical_padding":"","_kad_post_feature":"","_kad_post_feature_position":"","_kad_post_header":false,"_kad_post_footer":false,"_kad_post_classname":""},"product_brand":[],"product_cat":[62],"product_tag":[],"class_list":{"0":"post-4410","1":"product","2":"type-product","3":"status-publish","5":"product_cat-yitansan","7":"first","8":"instock","9":"shipping-taxable","10":"purchasable","11":"product-type-simple","12":"entry","13":"content-bg","14":"loop-entry"},"acf":[],"taxonomy_info":{"product_cat":[{"value":62,"label":"YITANSAN"}]},"featured_image_src_large":false,"author_info":[],"comment_info":0,"_links":{"self":[{"href":"https:\/\/safaricolectivo.cl\/en\/wp-json\/wp\/v2\/product\/4410","targetHints":{"allow":["GET"]}}],"collection":[{"href":"https:\/\/safaricolectivo.cl\/en\/wp-json\/wp\/v2\/product"}],"about":[{"href":"https:\/\/safaricolectivo.cl\/en\/wp-json\/wp\/v2\/types\/product"}],"replies":[{"embeddable":true,"href":"https:\/\/safaricolectivo.cl\/en\/wp-json\/wp\/v2\/comments?post=4410"}],"wp:attachment":[{"href":"https:\/\/safaricolectivo.cl\/en\/wp-json\/wp\/v2\/media?parent=4410"}],"wp:term":[{"taxonomy":"product_brand","embeddable":true,"href":"https:\/\/safaricolectivo.cl\/en\/wp-json\/wp\/v2\/product_brand?post=4410"},{"taxonomy":"product_cat","embeddable":true,"href":"https:\/\/safaricolectivo.cl\/en\/wp-json\/wp\/v2\/product_cat?post=4410"},{"taxonomy":"product_tag","embeddable":true,"href":"https:\/\/safaricolectivo.cl\/en\/wp-json\/wp\/v2\/product_tag?post=4410"}],"curies":[{"name":"wp","href":"https:\/\/api.w.org\/{rel}","templated":true}]}}