{"id":4164,"date":"2020-11-22T21:59:36","date_gmt":"2020-11-23T00:59:36","guid":{"rendered":"https:\/\/new.safaricolectivo.cl\/product\/libro-mientras-yobooh-duerme\/"},"modified":"2025-10-30T11:58:25","modified_gmt":"2025-10-30T14:58:25","slug":"libro-mientras-yobooh-duerme","status":"publish","type":"product","link":"https:\/\/safaricolectivo.cl\/en\/product\/libro-mientras-yobooh-duerme\/","title":{"rendered":"LIBRO MIENTRAS YOBOOH DUERME"},"content":{"rendered":"","protected":false},"excerpt":{"rendered":"<p>Yubooh Rowell lo ha logrado, finalmente ha sido aceptada en la Academia Saturno, la misma a la que asiste su querida amiga Salvia. Pero \u00bfser\u00e1 lo que sus sospechas le dicen que es? \u00bfEs verdad que a esta escuela asisten brujos? \u00bfQu\u00e9 pasar\u00e1 cuando llegue la luna llena? \u00bfQui\u00e9n es ese ni\u00f1o misterioso llamado Esteban? \u00a1Disfruta desde el comienzo de este viaje y acompa\u00f1a a Yubooh a conocer sus nuevos compa\u00f1eros en la academia de Salvia, y tambi\u00e9n a esos extra\u00f1os peces llorones que parecen llenar cada habitaci\u00f3n! Paulina Palacios nos envuelve en una original historia llena de magia. Un nuevo mundo para visitar y conocer en que las emociones, el misterio y el humor se unen para hacer realidad el universo de Mientras Yubooh duerme.<\/p>\n<p>Autora: \u00a0Paulinaapc<br \/>\n<strong>Formato<\/strong>: R\u00fastica 15 x 21 cm<br \/>\n<strong>P\u00e1ginas<\/strong>:\u00a0 164 P\u00e1gs<br \/>\n<strong>Editorial<\/strong>: Planeta<\/p>","protected":false},"featured_media":4165,"comment_status":"open","ping_status":"open","template":"","meta":{"_acf_changed":false,"_kad_blocks_custom_css":"","_kad_blocks_head_custom_js":"","_kad_blocks_body_custom_js":"","_kad_blocks_footer_custom_js":"","_kad_post_transparent":"","_kad_post_title":"","_kad_post_layout":"","_kad_post_sidebar_id":"","_kad_post_content_style":"","_kad_post_vertical_padding":"","_kad_post_feature":"","_kad_post_feature_position":"","_kad_post_header":false,"_kad_post_footer":false,"_kad_post_classname":""},"product_brand":[],"product_cat":[44,45],"product_tag":[],"class_list":{"0":"post-4164","1":"product","2":"type-product","3":"status-publish","4":"has-post-thumbnail","6":"product_cat-libros","7":"product_cat-paulinaapc","9":"first","10":"instock","11":"shipping-taxable","12":"purchasable","13":"product-type-simple","14":"entry","15":"content-bg","16":"loop-entry"},"acf":[],"taxonomy_info":{"product_cat":[{"value":44,"label":"LIBROS"},{"value":45,"label":"PAULINAAPC"}]},"featured_image_src_large":["https:\/\/safaricolectivo.cl\/wp-content\/uploads\/2025\/10\/mientras-yuboh.png",908,908,false],"author_info":[],"comment_info":0,"_links":{"self":[{"href":"https:\/\/safaricolectivo.cl\/en\/wp-json\/wp\/v2\/product\/4164","targetHints":{"allow":["GET"]}}],"collection":[{"href":"https:\/\/safaricolectivo.cl\/en\/wp-json\/wp\/v2\/product"}],"about":[{"href":"https:\/\/safaricolectivo.cl\/en\/wp-json\/wp\/v2\/types\/product"}],"replies":[{"embeddable":true,"href":"https:\/\/safaricolectivo.cl\/en\/wp-json\/wp\/v2\/comments?post=4164"}],"wp:featuredmedia":[{"embeddable":true,"href":"https:\/\/safaricolectivo.cl\/en\/wp-json\/wp\/v2\/media\/4165"}],"wp:attachment":[{"href":"https:\/\/safaricolectivo.cl\/en\/wp-json\/wp\/v2\/media?parent=4164"}],"wp:term":[{"taxonomy":"product_brand","embeddable":true,"href":"https:\/\/safaricolectivo.cl\/en\/wp-json\/wp\/v2\/product_brand?post=4164"},{"taxonomy":"product_cat","embeddable":true,"href":"https:\/\/safaricolectivo.cl\/en\/wp-json\/wp\/v2\/product_cat?post=4164"},{"taxonomy":"product_tag","embeddable":true,"href":"https:\/\/safaricolectivo.cl\/en\/wp-json\/wp\/v2\/product_tag?post=4164"}],"curies":[{"name":"wp","href":"https:\/\/api.w.org\/{rel}","templated":true}]}}