{"id":3978,"date":"2020-07-30T00:04:48","date_gmt":"2020-07-30T04:04:48","guid":{"rendered":"https:\/\/new.safaricolectivo.cl\/product\/libro-maestro-gato-1-full-color\/"},"modified":"2025-10-30T11:55:35","modified_gmt":"2025-10-30T14:55:35","slug":"libro-maestro-gato-1-full-color","status":"publish","type":"product","link":"https:\/\/safaricolectivo.cl\/en\/product\/libro-maestro-gato-1-full-color\/","title":{"rendered":"LIBRO MAESTRO GATO 1 FULL COLOR"},"content":{"rendered":"","protected":false},"excerpt":{"rendered":"<p>Colecci\u00f3n en color. Descubre las aventuras del profesor felino m\u00e1s querido del colegio. Ahora en su nuevo formato a full color, que incluye adem\u00e1s un c\u00f3mic extra. Maestro Gato. Colecci\u00f3n En Color 1.<\/p>","protected":false},"featured_media":3979,"comment_status":"open","ping_status":"open","template":"","meta":{"_acf_changed":false,"_kad_blocks_custom_css":"","_kad_blocks_head_custom_js":"","_kad_blocks_body_custom_js":"","_kad_blocks_footer_custom_js":"","_kad_post_transparent":"","_kad_post_title":"","_kad_post_layout":"","_kad_post_sidebar_id":"","_kad_post_content_style":"","_kad_post_vertical_padding":"","_kad_post_feature":"","_kad_post_feature_position":"","_kad_post_header":false,"_kad_post_footer":false,"_kad_post_classname":""},"product_brand":[],"product_cat":[44,45],"product_tag":[],"class_list":{"0":"post-3978","1":"product","2":"type-product","3":"status-publish","4":"has-post-thumbnail","6":"product_cat-libros","7":"product_cat-paulinaapc","9":"first","10":"outofstock","11":"shipping-taxable","12":"purchasable","13":"product-type-simple","14":"entry","15":"content-bg","16":"loop-entry"},"acf":[],"taxonomy_info":{"product_cat":[{"value":44,"label":"LIBROS"},{"value":45,"label":"PAULINAAPC"}]},"featured_image_src_large":["https:\/\/safaricolectivo.cl\/wp-content\/uploads\/2025\/10\/ColeccionColor-red-1024x1024.png",1024,1024,true],"author_info":[],"comment_info":0,"_links":{"self":[{"href":"https:\/\/safaricolectivo.cl\/en\/wp-json\/wp\/v2\/product\/3978","targetHints":{"allow":["GET"]}}],"collection":[{"href":"https:\/\/safaricolectivo.cl\/en\/wp-json\/wp\/v2\/product"}],"about":[{"href":"https:\/\/safaricolectivo.cl\/en\/wp-json\/wp\/v2\/types\/product"}],"replies":[{"embeddable":true,"href":"https:\/\/safaricolectivo.cl\/en\/wp-json\/wp\/v2\/comments?post=3978"}],"wp:featuredmedia":[{"embeddable":true,"href":"https:\/\/safaricolectivo.cl\/en\/wp-json\/wp\/v2\/media\/3979"}],"wp:attachment":[{"href":"https:\/\/safaricolectivo.cl\/en\/wp-json\/wp\/v2\/media?parent=3978"}],"wp:term":[{"taxonomy":"product_brand","embeddable":true,"href":"https:\/\/safaricolectivo.cl\/en\/wp-json\/wp\/v2\/product_brand?post=3978"},{"taxonomy":"product_cat","embeddable":true,"href":"https:\/\/safaricolectivo.cl\/en\/wp-json\/wp\/v2\/product_cat?post=3978"},{"taxonomy":"product_tag","embeddable":true,"href":"https:\/\/safaricolectivo.cl\/en\/wp-json\/wp\/v2\/product_tag?post=3978"}],"curies":[{"name":"wp","href":"https:\/\/api.w.org\/{rel}","templated":true}]}}