{"id":12548,"date":"2025-11-25T15:17:05","date_gmt":"2025-11-25T18:17:05","guid":{"rendered":"https:\/\/safaricolectivo.cl\/?post_type=product&#038;p=12548"},"modified":"2025-12-31T11:54:12","modified_gmt":"2025-12-31T14:54:12","slug":"mientras-yubooh-duerme-6","status":"publish","type":"product","link":"https:\/\/safaricolectivo.cl\/en\/product\/mientras-yubooh-duerme-6\/","title":{"rendered":"MIENTRAS YUBOOH DUERME 6"},"content":{"rendered":"<h2 class=\"FichaLibro_section__title__BJeV7\">Sinopsis de Mientras Yubooh duerme 6<\/h2>\n<div class=\"FichaLibro_sinopsis__text__rNQrN\">\n<div class=\"LeerMas_leerMas__nQ_Er\">\n<div class=\"LeerMas_leerMas__innerWrapper__pG_jW\">\n<article>\n<div class=\"ewa-rteLine\">La magia de la Academia Saturno ha comenzado a desplegarse ante los ojos de Yubooh Rowell. Sin embargo, la experiencia se vuelve dif\u00edcil, intensa y cada d\u00eda m\u00e1s desafiante que el anterior.<\/div>\n<div class=\"ewa-rteLine\"><\/div>\n<div class=\"ewa-rteLine\">En este tomo, la joven protagonista iniciar\u00e1 sus lecciones para conectar con su propio don, enfrent\u00e1ndose a miedos y emociones que nunca antes hab\u00eda sentido. Todo se volver\u00e1 m\u00e1s complejo mientras intenta sobrellevar el peso de un destino que ya conoce.<\/div>\n<div class=\"ewa-rteLine\"><\/div>\n<div class=\"ewa-rteLine\">Mientras tanto, en las oficinas de la Academia, se discute el futuro de la bruja de luna nueva y si es adecuado que reciba un misterioso libro que podr\u00eda revelar secretos importantes<\/div>\n<\/article>\n<\/div>\n<\/div>\n<\/div>","protected":false},"excerpt":{"rendered":"<p>Muy pronto podr\u00e1s disfrutar de la nueva edici\u00f3n de esta incre\u00edble obra que ha cautivado a cientos de personas en Chile y latinoamerica.<\/p>","protected":false},"featured_media":12549,"comment_status":"open","ping_status":"closed","template":"","meta":{"_acf_changed":false,"_kad_blocks_custom_css":"","_kad_blocks_head_custom_js":"","_kad_blocks_body_custom_js":"","_kad_blocks_footer_custom_js":"","_kad_post_transparent":"default","_kad_post_title":"","_kad_post_layout":"default","_kad_post_sidebar_id":"","_kad_post_content_style":"default","_kad_post_vertical_padding":"default","_kad_post_feature":"","_kad_post_feature_position":"","_kad_post_header":false,"_kad_post_footer":false,"_kad_post_classname":""},"product_brand":[],"product_cat":[45,44],"product_tag":[],"class_list":{"0":"post-12548","1":"product","2":"type-product","3":"status-publish","4":"has-post-thumbnail","6":"product_cat-paulinaapc","7":"product_cat-libros","9":"first","10":"outofstock","11":"featured","12":"shipping-taxable","13":"purchasable","14":"product-type-simple","15":"entry","16":"content-bg","17":"loop-entry"},"acf":[],"taxonomy_info":{"product_cat":[{"value":45,"label":"PAULINAAPC"},{"value":44,"label":"LIBROS"}]},"featured_image_src_large":["https:\/\/safaricolectivo.cl\/wp-content\/uploads\/2025\/11\/portada_mientras-yubooh-duerme-6_paulina-palacios_202511181410-730x1024.webp",730,1024,true],"author_info":[],"comment_info":0,"_links":{"self":[{"href":"https:\/\/safaricolectivo.cl\/en\/wp-json\/wp\/v2\/product\/12548","targetHints":{"allow":["GET"]}}],"collection":[{"href":"https:\/\/safaricolectivo.cl\/en\/wp-json\/wp\/v2\/product"}],"about":[{"href":"https:\/\/safaricolectivo.cl\/en\/wp-json\/wp\/v2\/types\/product"}],"replies":[{"embeddable":true,"href":"https:\/\/safaricolectivo.cl\/en\/wp-json\/wp\/v2\/comments?post=12548"}],"wp:featuredmedia":[{"embeddable":true,"href":"https:\/\/safaricolectivo.cl\/en\/wp-json\/wp\/v2\/media\/12549"}],"wp:attachment":[{"href":"https:\/\/safaricolectivo.cl\/en\/wp-json\/wp\/v2\/media?parent=12548"}],"wp:term":[{"taxonomy":"product_brand","embeddable":true,"href":"https:\/\/safaricolectivo.cl\/en\/wp-json\/wp\/v2\/product_brand?post=12548"},{"taxonomy":"product_cat","embeddable":true,"href":"https:\/\/safaricolectivo.cl\/en\/wp-json\/wp\/v2\/product_cat?post=12548"},{"taxonomy":"product_tag","embeddable":true,"href":"https:\/\/safaricolectivo.cl\/en\/wp-json\/wp\/v2\/product_tag?post=12548"}],"curies":[{"name":"wp","href":"https:\/\/api.w.org\/{rel}","templated":true}]}}